{"id":887,"date":"2022-05-02T13:47:54","date_gmt":"2022-05-02T13:47:54","guid":{"rendered":"https:\/\/vgrade.eu\/?page_id=887"},"modified":"2022-06-06T09:42:17","modified_gmt":"2022-06-06T09:42:17","slug":"warum-einfach","status":"publish","type":"page","link":"https:\/\/vgrade.eu\/es\/home\/warum-einfach\/","title":{"rendered":"\u00bfPor qu\u00e9 pon\u00e9rnoslo f\u00e1cil, pudiendo complicarlo todo?"},"content":{"rendered":"<div data-elementor-type=\"wp-page\" data-elementor-id=\"887\" class=\"elementor elementor-887\">\n\t\t\t\t\t\t<section class=\"elementor-section elementor-top-section elementor-element elementor-element-7a4abab elementor-section-boxed elementor-section-height-default elementor-section-height-default\" data-id=\"7a4abab\" data-element_type=\"section\" data-e-type=\"section\">\n\t\t\t\t\t\t<div class=\"elementor-container elementor-column-gap-default\">\n\t\t\t\t\t<div class=\"elementor-column elementor-col-100 elementor-top-column elementor-element elementor-element-eab9fde\" data-id=\"eab9fde\" data-element_type=\"column\" data-e-type=\"column\">\n\t\t\t<div class=\"elementor-widget-wrap elementor-element-populated\">\n\t\t\t\t\t\t<div class=\"elementor-element elementor-element-8134767 elementor-widget elementor-widget-heading\" data-id=\"8134767\" data-element_type=\"widget\" data-e-type=\"widget\" data-widget_type=\"heading.default\">\n\t\t\t\t<div class=\"elementor-widget-container\">\n\t\t\t\t\t<h2 class=\"elementor-heading-title elementor-size-default\">\u00bfPor qu\u00e9 pon\u00e9rnoslo f\u00e1cil, pudiendo complicarlo todo?<\/h2>\t\t\t\t<\/div>\n\t\t\t\t<\/div>\n\t\t\t\t\t<\/div>\n\t\t<\/div>\n\t\t\t\t\t<\/div>\n\t\t<\/section>\n\t\t\t\t<section class=\"elementor-section elementor-top-section elementor-element elementor-element-bac172b elementor-section-boxed elementor-section-height-default elementor-section-height-default\" data-id=\"bac172b\" data-element_type=\"section\" data-e-type=\"section\">\n\t\t\t\t\t\t<div class=\"elementor-container elementor-column-gap-default\">\n\t\t\t\t\t<div class=\"elementor-column elementor-col-100 elementor-top-column elementor-element elementor-element-bc8df0e\" data-id=\"bc8df0e\" data-element_type=\"column\" data-e-type=\"column\">\n\t\t\t<div class=\"elementor-widget-wrap elementor-element-populated\">\n\t\t\t\t\t\t<div class=\"elementor-element elementor-element-dd444e5 elementor-widget elementor-widget-image\" data-id=\"dd444e5\" data-element_type=\"widget\" data-e-type=\"widget\" data-widget_type=\"image.default\">\n\t\t\t\t<div class=\"elementor-widget-container\">\n\t\t\t\t\t\t\t\t\t\t\t\t\t\t\t<img fetchpriority=\"high\" decoding=\"async\" width=\"225\" height=\"300\" src=\"https:\/\/vgrade.eu\/wp-content\/uploads\/2021\/07\/IMG_0001-225x300.jpg\" class=\"attachment-medium size-medium wp-image-70\" alt=\"\" srcset=\"https:\/\/vgrade.eu\/wp-content\/uploads\/2021\/07\/IMG_0001-225x300.jpg 225w, https:\/\/vgrade.eu\/wp-content\/uploads\/2021\/07\/IMG_0001-768x1024.jpg 768w, https:\/\/vgrade.eu\/wp-content\/uploads\/2021\/07\/IMG_0001-1152x1536.jpg 1152w, https:\/\/vgrade.eu\/wp-content\/uploads\/2021\/07\/IMG_0001-1536x2048.jpg 1536w, https:\/\/vgrade.eu\/wp-content\/uploads\/2021\/07\/IMG_0001-scaled.jpg 1920w\" sizes=\"(max-width: 225px) 100vw, 225px\" \/>\t\t\t\t\t\t\t\t\t\t\t\t\t\t\t<\/div>\n\t\t\t\t<\/div>\n\t\t\t\t\t<\/div>\n\t\t<\/div>\n\t\t\t\t\t<\/div>\n\t\t<\/section>\n\t\t\t\t<section class=\"elementor-section elementor-top-section elementor-element elementor-element-e5b56c0 elementor-section-boxed elementor-section-height-default elementor-section-height-default\" data-id=\"e5b56c0\" data-element_type=\"section\" data-e-type=\"section\">\n\t\t\t\t\t\t<div class=\"elementor-container elementor-column-gap-default\">\n\t\t\t\t\t<div class=\"elementor-column elementor-col-100 elementor-top-column elementor-element elementor-element-a32e379\" data-id=\"a32e379\" data-element_type=\"column\" data-e-type=\"column\">\n\t\t\t<div class=\"elementor-widget-wrap elementor-element-populated\">\n\t\t\t\t\t\t<div class=\"elementor-element elementor-element-2cf8c66 elementor-widget elementor-widget-shortcode\" data-id=\"2cf8c66\" data-element_type=\"widget\" data-e-type=\"widget\" data-widget_type=\"shortcode.default\">\n\t\t\t\t<div class=\"elementor-widget-container\">\n\t\t\t\t\t\t\t<div class=\"elementor-shortcode\"><style>.wp-show-posts-columns#wpsp-893 {margin-left: -2em; }.wp-show-posts-columns#wpsp-893 .wp-show-posts-inner {margin: 0 0 2em 2em; }<\/style><section id=\"wpsp-893\" class=\"wp-show-posts-columns wp-show-posts\" style=\"\"><article class=\"wp-show-posts-single post-1278 post type-post status-publish format-aside hentry category-warum-einfach tag-alltag tag-beziehung tag-familie tag-freunde tag-kommunikation tag-partnerschaft tag-streit tag-zwischenmenschliche-beziehungen post_format-post-format-aside wpsp-col-6\" itemtype=\"http:\/\/schema.org\/CreativeWork\" itemscope><div class=\"wp-show-posts-inner\" style=\"\">\t\t\t\t\t\t<header class=\"wp-show-posts-entry-header\">\n\t\t\t\t\t\t\t<h4 class=\"wp-show-posts-entry-title\" itemprop=\"headline\"><a href=\"https:\/\/vgrade.eu\/es\/von-der-kunst-waesche-richtig-aufzuhaengen\/\" rel=\"bookmark\">El arte de tender la ropa de manera correcta<\/a><\/h4><div class=\"wp-show-posts-entry-meta wp-show-posts-entry-meta-below-title post-meta-inline\"><span class=\"wp-show-posts-posted-on wp-show-posts-meta\">\n\t\t\t\t\t<a href=\"https:\/\/vgrade.eu\/es\/von-der-kunst-waesche-richtig-aufzuhaengen\/\" title=\"13:57\" rel=\"bookmark\"><time class=\"wp-show-posts-entry-date published\" datetime=\"2022-09-12T13:57:27+00:00\" itemprop=\"datePublished\">12.09.2022<\/time><time class=\"wp-show-posts-updated\" datetime=\"2022-09-12T14:38:23+00:00\" itemprop=\"dateModified\">12.09.2022<\/time><\/a>\n\t\t\t\t<\/span><\/div>\t\t\t\t\t\t<\/header><!-- .entry-header -->\n\t\t\t\t\t\t\t\t\t\t\t<div class=\"wp-show-posts-entry-summary\" itemprop=\"text\">\n\t\t\t\t\t\t\t<p>No soporto que se deje la tapa del v\u00e1ter abierta. As\u00ed no paro de pensar que algo se pudiera caer dentro. Pero hay quien tiene esa costumbre. A otra gente no le importa lo m\u00e1s m\u00ednimo...<\/p>\n\t\t\t\t\t\t<\/div><!-- .entry-summary -->\n\t\t\t\t\t<div class=\"wpsp-read-more\"><a title=\"El arte de tender la ropa de manera correcta\" class=\"wp-show-posts-read-more\" href=\"https:\/\/vgrade.eu\/es\/von-der-kunst-waesche-richtig-aufzuhaengen\/\">Leer m\u00e1s<\/a><\/div><\/div><!-- wp-show-posts-inner --><\/article><article class=\"wp-show-posts-single post-1075 post type-post status-publish format-aside hentry category-warum-einfach tag-alltag tag-beziehung tag-familie tag-freunde tag-kommunikation tag-partnerschaft tag-streit tag-zwischenmenschliche-beziehungen post_format-post-format-aside wpsp-col-6\" itemtype=\"http:\/\/schema.org\/CreativeWork\" itemscope><div class=\"wp-show-posts-inner\" style=\"\">\t\t\t\t\t\t<header class=\"wp-show-posts-entry-header\">\n\t\t\t\t\t\t\t<h4 class=\"wp-show-posts-entry-title\" itemprop=\"headline\"><a href=\"https:\/\/vgrade.eu\/es\/1075-2\/\" rel=\"bookmark\">No me gusta la ciencia ficci\u00f3n y lo sabes.<\/a><\/h4><div class=\"wp-show-posts-entry-meta wp-show-posts-entry-meta-below-title post-meta-inline\"><span class=\"wp-show-posts-posted-on wp-show-posts-meta\">\n\t\t\t\t\t<a href=\"https:\/\/vgrade.eu\/es\/1075-2\/\" title=\"23:46\" rel=\"bookmark\"><time class=\"wp-show-posts-entry-date published\" datetime=\"2022-05-14T23:46:16+00:00\" itemprop=\"datePublished\">14.05.2022<\/time><time class=\"wp-show-posts-updated\" datetime=\"2022-05-14T23:54:57+00:00\" itemprop=\"dateModified\">14.05.2022<\/time><\/a>\n\t\t\t\t<\/span><\/div>\t\t\t\t\t\t<\/header><!-- .entry-header -->\n\t\t\t\t\t\t\t\t\t\t\t<div class=\"wp-show-posts-entry-summary\" itemprop=\"text\">\n\t\t\t\t\t\t\t<p>Todos nos damos cuenta a diario lo f\u00e1cil que aparecen los malentendios en todo tipo de comunicaci\u00f3n con los dem\u00e1s. Se est\u00e1 explorando y discutiendo el or\u00edgen de estas interferencias en varios campos de la ciencia y tambi\u00e9n en...<\/p>\n\t\t\t\t\t\t<\/div><!-- .entry-summary -->\n\t\t\t\t\t<div class=\"wpsp-read-more\"><a title=\"No me gusta la ciencia ficci\u00f3n y lo sabes.\" class=\"wp-show-posts-read-more\" href=\"https:\/\/vgrade.eu\/es\/1075-2\/\">Leer m\u00e1s<\/a><\/div><\/div><!-- wp-show-posts-inner --><\/article><article class=\"wp-show-posts-single post-894 post type-post status-publish format-aside hentry category-warum-einfach tag-alltag tag-beziehung tag-familie tag-freunde tag-kommunikation tag-partnerschaft tag-streit tag-zwischenmenschliche-beziehungen post_format-post-format-aside wpsp-col-6\" itemtype=\"http:\/\/schema.org\/CreativeWork\" itemscope><div class=\"wp-show-posts-inner\" style=\"\">\t\t\t\t\t\t<header class=\"wp-show-posts-entry-header\">\n\t\t\t\t\t\t\t<h4 class=\"wp-show-posts-entry-title\" itemprop=\"headline\"><a href=\"https:\/\/vgrade.eu\/es\/kommunikation-von-ohren-und-schnaebeln\/\" rel=\"bookmark\">Comunicaci\u00f3n - orejas y picos<\/a><\/h4><div class=\"wp-show-posts-entry-meta wp-show-posts-entry-meta-below-title post-meta-inline\"><span class=\"wp-show-posts-posted-on wp-show-posts-meta\">\n\t\t\t\t\t<a href=\"https:\/\/vgrade.eu\/es\/kommunikation-von-ohren-und-schnaebeln\/\" title=\"14:22\" rel=\"bookmark\"><time class=\"wp-show-posts-entry-date published\" datetime=\"2022-05-02T14:22:01+00:00\" itemprop=\"datePublished\">02.05.2022<\/time><time class=\"wp-show-posts-updated\" datetime=\"2022-05-14T22:24:08+00:00\" itemprop=\"dateModified\">14.05.2022<\/time><\/a>\n\t\t\t\t<\/span><\/div>\t\t\t\t\t\t<\/header><!-- .entry-header -->\n\t\t\t\t\t\t\t\t\t\t\t<div class=\"wp-show-posts-entry-summary\" itemprop=\"text\">\n\t\t\t\t\t\t\t<p>\u00c9l: \"\u00bfEs nuevo, este vestido? Te queda genial\". - Ella: \"\u00a1\u00bfAs\u00ed que crees que no estoy guapa en la dem\u00e1s ropa que tengo?!\" Quiz\u00e1s realmente le parece que ella est\u00e1 guap\u00edsima en este vestido,...<\/p>\n\t\t\t\t\t\t<\/div><!-- .entry-summary -->\n\t\t\t\t\t<div class=\"wpsp-read-more\"><a title=\"Kommunikation &#8211; von Ohren und Schn\u00e4beln\" class=\"wp-show-posts-read-more\" href=\"https:\/\/vgrade.eu\/es\/kommunikation-von-ohren-und-schnaebeln\/\">Leer m\u00e1s<\/a><\/div><\/div><!-- wp-show-posts-inner --><\/article><div class=\"wpsp-clear\"><\/div><\/section><!-- .wp-show-posts --><\/div>\n\t\t\t\t\t\t<\/div>\n\t\t\t\t<\/div>\n\t\t\t\t\t<\/div>\n\t\t<\/div>\n\t\t\t\t\t<\/div>\n\t\t<\/section>\n\t\t\t\t<section class=\"elementor-section elementor-top-section elementor-element elementor-element-b4cc35a elementor-section-boxed elementor-section-height-default elementor-section-height-default\" data-id=\"b4cc35a\" data-element_type=\"section\" data-e-type=\"section\">\n\t\t\t\t\t\t<div class=\"elementor-container elementor-column-gap-default\">\n\t\t\t\t\t<div class=\"elementor-column elementor-col-100 elementor-top-column elementor-element elementor-element-497b2e9\" data-id=\"497b2e9\" data-element_type=\"column\" data-e-type=\"column\">\n\t\t\t<div class=\"elementor-widget-wrap elementor-element-populated\">\n\t\t\t\t\t\t<div class=\"elementor-element elementor-element-779eb27 elementor-widget elementor-widget-shortcode\" data-id=\"779eb27\" data-element_type=\"widget\" data-e-type=\"widget\" data-widget_type=\"shortcode.default\">\n\t\t\t\t<div class=\"elementor-widget-container\">\n\t\t\t\t\t\t\t<div class=\"elementor-shortcode\"><div class=\"cat_specific_rss\"><ul class=\"cat_show_image\">\t<li class=\"cat-item cat-item-1\"><a href=\"https:\/\/vgrade.eu\/es\/category\/erstaunliche-politik\/\">extra\u00f1ezas en la pol\u00edtica nacional e internacional<\/a> (3) <\/li> \t<li class=\"cat-item cat-item-14\"><a href=\"https:\/\/vgrade.eu\/es\/category\/thermomix-effekt\/\">efecto Thermomix<\/a> (3) <\/li> \t<li class=\"cat-item cat-item-13\"><a href=\"https:\/\/vgrade.eu\/es\/category\/verkehrte-welt-deutsch-spanisch\/\">El mundo al rev\u00e9s: Espa\u00f1ol - Alem\u00e1n<\/a> (4) <\/li> \t<li class=\"cat-item cat-item-19\"><a href=\"https:\/\/vgrade.eu\/es\/category\/warum-einfach\/\">\u00bfPor qu\u00e9 pon\u00e9rnoslo f\u00e1cil,...?<\/a> (3) <\/li> <\/ul><\/div><\/div>\n\t\t\t\t\t\t<\/div>\n\t\t\t\t<\/div>\n\t\t\t\t\t<\/div>\n\t\t<\/div>\n\t\t\t\t\t<\/div>\n\t\t<\/section>\n\t\t\t\t<\/div>","protected":false},"excerpt":{"rendered":"<p>\u00bfPor qu\u00e9 pon\u00e9rnoslo f\u00e1cil, pudiendo complicarlo todo?<\/p>","protected":false},"author":1,"featured_media":0,"parent":275,"menu_order":0,"comment_status":"closed","ping_status":"closed","template":"","meta":{"footnotes":""},"class_list":["post-887","page","type-page","status-publish","hentry"],"_links":{"self":[{"href":"https:\/\/vgrade.eu\/es\/wp-json\/wp\/v2\/pages\/887","targetHints":{"allow":["GET"]}}],"collection":[{"href":"https:\/\/vgrade.eu\/es\/wp-json\/wp\/v2\/pages"}],"about":[{"href":"https:\/\/vgrade.eu\/es\/wp-json\/wp\/v2\/types\/page"}],"author":[{"embeddable":true,"href":"https:\/\/vgrade.eu\/es\/wp-json\/wp\/v2\/users\/1"}],"replies":[{"embeddable":true,"href":"https:\/\/vgrade.eu\/es\/wp-json\/wp\/v2\/comments?post=887"}],"version-history":[{"count":10,"href":"https:\/\/vgrade.eu\/es\/wp-json\/wp\/v2\/pages\/887\/revisions"}],"predecessor-version":[{"id":1218,"href":"https:\/\/vgrade.eu\/es\/wp-json\/wp\/v2\/pages\/887\/revisions\/1218"}],"up":[{"embeddable":true,"href":"https:\/\/vgrade.eu\/es\/wp-json\/wp\/v2\/pages\/275"}],"wp:attachment":[{"href":"https:\/\/vgrade.eu\/es\/wp-json\/wp\/v2\/media?parent=887"}],"curies":[{"name":"wp","href":"https:\/\/api.w.org\/{rel}","templated":true}]}}