{"id":857,"date":"2022-04-29T20:47:14","date_gmt":"2022-04-29T20:47:14","guid":{"rendered":"https:\/\/vgrade.eu\/?page_id=857"},"modified":"2022-06-06T09:37:50","modified_gmt":"2022-06-06T09:37:50","slug":"thermomix-effekt","status":"publish","type":"page","link":"https:\/\/vgrade.eu\/es\/home\/thermomix-effekt\/","title":{"rendered":"Efecto Thermomix"},"content":{"rendered":"<div data-elementor-type=\"wp-page\" data-elementor-id=\"857\" class=\"elementor elementor-857\">\n\t\t\t\t\t\t<section class=\"elementor-section elementor-top-section elementor-element elementor-element-7a4abab elementor-section-boxed elementor-section-height-default elementor-section-height-default\" data-id=\"7a4abab\" data-element_type=\"section\" data-e-type=\"section\">\n\t\t\t\t\t\t<div class=\"elementor-container elementor-column-gap-default\">\n\t\t\t\t\t<div class=\"elementor-column elementor-col-100 elementor-top-column elementor-element elementor-element-eab9fde\" data-id=\"eab9fde\" data-element_type=\"column\" data-e-type=\"column\">\n\t\t\t<div class=\"elementor-widget-wrap elementor-element-populated\">\n\t\t\t\t\t\t<div class=\"elementor-element elementor-element-8134767 elementor-widget elementor-widget-heading\" data-id=\"8134767\" data-element_type=\"widget\" data-e-type=\"widget\" data-widget_type=\"heading.default\">\n\t\t\t\t<div class=\"elementor-widget-container\">\n\t\t\t\t\t<h2 class=\"elementor-heading-title elementor-size-default\">Efecto Thermomix<\/h2>\t\t\t\t<\/div>\n\t\t\t\t<\/div>\n\t\t\t\t\t<\/div>\n\t\t<\/div>\n\t\t\t\t\t<\/div>\n\t\t<\/section>\n\t\t\t\t<section class=\"elementor-section elementor-top-section elementor-element elementor-element-bac172b elementor-section-boxed elementor-section-height-default elementor-section-height-default\" data-id=\"bac172b\" data-element_type=\"section\" data-e-type=\"section\">\n\t\t\t\t\t\t<div class=\"elementor-container elementor-column-gap-default\">\n\t\t\t\t\t<div class=\"elementor-column elementor-col-100 elementor-top-column elementor-element elementor-element-bc8df0e\" data-id=\"bc8df0e\" data-element_type=\"column\" data-e-type=\"column\">\n\t\t\t<div class=\"elementor-widget-wrap elementor-element-populated\">\n\t\t\t\t\t\t<div class=\"elementor-element elementor-element-dd444e5 elementor-widget elementor-widget-image\" data-id=\"dd444e5\" data-element_type=\"widget\" data-e-type=\"widget\" data-widget_type=\"image.default\">\n\t\t\t\t<div class=\"elementor-widget-container\">\n\t\t\t\t\t\t\t\t\t\t\t\t\t\t\t<img fetchpriority=\"high\" decoding=\"async\" width=\"220\" height=\"300\" src=\"https:\/\/vgrade.eu\/wp-content\/uploads\/2022\/04\/IMG_2827-220x300.jpg\" class=\"attachment-medium size-medium wp-image-856\" alt=\"\" srcset=\"https:\/\/vgrade.eu\/wp-content\/uploads\/2022\/04\/IMG_2827-220x300.jpg 220w, https:\/\/vgrade.eu\/wp-content\/uploads\/2022\/04\/IMG_2827-752x1024.jpg 752w, https:\/\/vgrade.eu\/wp-content\/uploads\/2022\/04\/IMG_2827-768x1046.jpg 768w, https:\/\/vgrade.eu\/wp-content\/uploads\/2022\/04\/IMG_2827-1127x1536.jpg 1127w, https:\/\/vgrade.eu\/wp-content\/uploads\/2022\/04\/IMG_2827-1503x2048.jpg 1503w, https:\/\/vgrade.eu\/wp-content\/uploads\/2022\/04\/IMG_2827-scaled.jpg 1879w\" sizes=\"(max-width: 220px) 100vw, 220px\" \/>\t\t\t\t\t\t\t\t\t\t\t\t\t\t\t<\/div>\n\t\t\t\t<\/div>\n\t\t\t\t\t<\/div>\n\t\t<\/div>\n\t\t\t\t\t<\/div>\n\t\t<\/section>\n\t\t\t\t<section class=\"elementor-section elementor-top-section elementor-element elementor-element-e5b56c0 elementor-section-boxed elementor-section-height-default elementor-section-height-default\" data-id=\"e5b56c0\" data-element_type=\"section\" data-e-type=\"section\">\n\t\t\t\t\t\t<div class=\"elementor-container elementor-column-gap-default\">\n\t\t\t\t\t<div class=\"elementor-column elementor-col-100 elementor-top-column elementor-element elementor-element-a32e379\" data-id=\"a32e379\" data-element_type=\"column\" data-e-type=\"column\">\n\t\t\t<div class=\"elementor-widget-wrap elementor-element-populated\">\n\t\t\t\t\t\t<div class=\"elementor-element elementor-element-2cf8c66 elementor-widget elementor-widget-shortcode\" data-id=\"2cf8c66\" data-element_type=\"widget\" data-e-type=\"widget\" data-widget_type=\"shortcode.default\">\n\t\t\t\t<div class=\"elementor-widget-container\">\n\t\t\t\t\t\t\t<div class=\"elementor-shortcode\"><style>.wp-show-posts-columns#wpsp-843 {margin-left: -2em; }.wp-show-posts-columns#wpsp-843 .wp-show-posts-inner {margin: 0 0 2em 2em; }<\/style><section id=\"wpsp-843\" class=\"wp-show-posts-columns wp-show-posts\" style=\"\"><article class=\"wp-show-posts-single post-1200 post type-post status-publish format-aside hentry category-thermomix-effekt tag-absurdes-aus-dem-alltag tag-unerklaerliches tag-verbissenheit tag-warum post_format-post-format-aside wpsp-col-6\" itemtype=\"http:\/\/schema.org\/CreativeWork\" itemscope><div class=\"wp-show-posts-inner\" style=\"\">\t\t\t\t\t\t<header class=\"wp-show-posts-entry-header\">\n\t\t\t\t\t\t\t<h4 class=\"wp-show-posts-entry-title\" itemprop=\"headline\"><a href=\"https:\/\/vgrade.eu\/es\/darf-donald-trump-weiter-twittern-oder-nicht\/\" rel=\"bookmark\">Deber\u00edamos dejar que Donald Trump siga tuiteando?<\/a><\/h4><div class=\"wp-show-posts-entry-meta wp-show-posts-entry-meta-below-title post-meta-inline\"><span class=\"wp-show-posts-posted-on wp-show-posts-meta\">\n\t\t\t\t\t<a href=\"https:\/\/vgrade.eu\/es\/darf-donald-trump-weiter-twittern-oder-nicht\/\" title=\"20:17\" rel=\"bookmark\"><time class=\"wp-show-posts-entry-date published\" datetime=\"2022-06-05T20:17:57+00:00\" itemprop=\"datePublished\">05.06.2022<\/time><time class=\"wp-show-posts-updated\" datetime=\"2022-06-05T20:24:39+00:00\" itemprop=\"dateModified\">05.06.2022<\/time><\/a>\n\t\t\t\t<\/span><\/div>\t\t\t\t\t\t<\/header><!-- .entry-header -->\n\t\t\t\t\t\t\t\t\t\t\t<div class=\"wp-show-posts-entry-summary\" itemprop=\"text\">\n\t\t\t\t\t\t\t<p>La discusi\u00f3n se recalienta con noticias como la de hace unas semanas, que Elon Musk iba a comprar Twitter. \u00a1Qu\u00e9 esc\u00e1ndalo! Al parecer, Elon Musk ha mencionado en alguna entrevista que \u00e9l s\u00ed dejar\u00eda que Trump vuelva a tuitear...<\/p>\n\t\t\t\t\t\t<\/div><!-- .entry-summary -->\n\t\t\t\t\t<div class=\"wpsp-read-more\"><a title=\"Deber\u00edamos dejar que Donald Trump siga tuiteando?\" class=\"wp-show-posts-read-more\" href=\"https:\/\/vgrade.eu\/es\/darf-donald-trump-weiter-twittern-oder-nicht\/\">Leer m\u00e1s<\/a><\/div><div class=\"wp-show-posts-entry-meta wp-show-posts-entry-meta-below-post post-meta-stack\"><span class=\"wp-show-posts-comments-link wp-show-posts-meta\"><a href=\"https:\/\/vgrade.eu\/es\/darf-donald-trump-weiter-twittern-oder-nicht\/#respond\">Deja un comentario<\/a><\/span><\/div><\/div><!-- wp-show-posts-inner --><\/article><article class=\"wp-show-posts-single post-880 post type-post status-publish format-aside hentry category-thermomix-effekt tag-absurdes-aus-dem-alltag tag-unerklaerliches tag-verbissenheit tag-warum post_format-post-format-aside wpsp-col-6\" itemtype=\"http:\/\/schema.org\/CreativeWork\" itemscope><div class=\"wp-show-posts-inner\" style=\"\">\t\t\t\t\t\t<header class=\"wp-show-posts-entry-header\">\n\t\t\t\t\t\t\t<h4 class=\"wp-show-posts-entry-title\" itemprop=\"headline\"><a href=\"https:\/\/vgrade.eu\/es\/warum-immer-einen-verbalen-eiertanz-veranstalten-2\/\" rel=\"bookmark\">La guerra en el siglo XXI - \u00bfPor qu\u00e9 no es un contrasentido de por s\u00ed?<\/a><\/h4><div class=\"wp-show-posts-entry-meta wp-show-posts-entry-meta-below-title post-meta-inline\"><span class=\"wp-show-posts-posted-on wp-show-posts-meta\">\n\t\t\t\t\t<a href=\"https:\/\/vgrade.eu\/es\/warum-immer-einen-verbalen-eiertanz-veranstalten-2\/\" title=\"13:29\" rel=\"bookmark\"><time class=\"wp-show-posts-entry-date published\" datetime=\"2022-05-02T13:29:36+00:00\" itemprop=\"datePublished\">02.05.2022<\/time><time class=\"wp-show-posts-updated\" datetime=\"2022-05-14T22:22:28+00:00\" itemprop=\"dateModified\">14.05.2022<\/time><\/a>\n\t\t\t\t<\/span><\/div>\t\t\t\t\t\t<\/header><!-- .entry-header -->\n\t\t\t\t\t\t\t\t\t\t\t<div class=\"wp-show-posts-entry-summary\" itemprop=\"text\">\n\t\t\t\t\t\t\t<p>Ordenadores cu\u00e1nticos, inteligencia artificial, misiones a Marte... hace tiempo que el futuro  ha comenzado. \u00bfPor qu\u00e9 seguimos estancados en la Edad Media en tantos \u00e1mbitos? Cuando hablo con la gente sobre la guerra en Ucrania...<\/p>\n\t\t\t\t\t\t<\/div><!-- .entry-summary -->\n\t\t\t\t\t<div class=\"wpsp-read-more\"><a title=\"Krieg im 21. Jahrhundert &#8211; Warum ist das kein Widerspruch in sich?\" class=\"wp-show-posts-read-more\" href=\"https:\/\/vgrade.eu\/es\/warum-immer-einen-verbalen-eiertanz-veranstalten-2\/\">Leer m\u00e1s<\/a><\/div><div class=\"wp-show-posts-entry-meta wp-show-posts-entry-meta-below-post post-meta-stack\"><span class=\"wp-show-posts-comments-link wp-show-posts-meta\"><a href=\"https:\/\/vgrade.eu\/es\/warum-immer-einen-verbalen-eiertanz-veranstalten-2\/#respond\">Deja un comentario<\/a><\/span><\/div><\/div><!-- wp-show-posts-inner --><\/article><article class=\"wp-show-posts-single post-844 post type-post status-publish format-aside hentry category-thermomix-effekt tag-absurdes-aus-dem-alltag tag-unerklaerliches tag-verbissenheit tag-warum post_format-post-format-aside wpsp-col-6\" itemtype=\"http:\/\/schema.org\/CreativeWork\" itemscope><div class=\"wp-show-posts-inner\" style=\"\">\t\t\t\t\t\t<header class=\"wp-show-posts-entry-header\">\n\t\t\t\t\t\t\t<h4 class=\"wp-show-posts-entry-title\" itemprop=\"headline\"><a href=\"https:\/\/vgrade.eu\/es\/warum-immer-einen-verbalen-eiertanz-veranstalten\/\" rel=\"bookmark\">\u00bfPor qu\u00e9 hay que andarse con pies de plomo cada vez que nos pronunciamos?<\/a><\/h4><div class=\"wp-show-posts-entry-meta wp-show-posts-entry-meta-below-title post-meta-inline\"><span class=\"wp-show-posts-posted-on wp-show-posts-meta\">\n\t\t\t\t\t<a href=\"https:\/\/vgrade.eu\/es\/warum-immer-einen-verbalen-eiertanz-veranstalten\/\" title=\"20:13\" rel=\"bookmark\"><time class=\"wp-show-posts-entry-date published\" datetime=\"2022-04-29T20:13:05+00:00\" itemprop=\"datePublished\">29.04.2022<\/time><time class=\"wp-show-posts-updated\" datetime=\"2022-05-08T11:12:45+00:00\" itemprop=\"dateModified\">08.05.2022<\/time><\/a>\n\t\t\t\t<\/span><\/div>\t\t\t\t\t\t<\/header><!-- .entry-header -->\n\t\t\t\t\t\t\t\t\t\t\t<div class=\"wp-show-posts-entry-summary\" itemprop=\"text\">\n\t\t\t\t\t\t\t<p>No s\u00f3lo la exageraci\u00f3n de lo pol\u00edticamente correcto, sino tambi\u00e9n la divisi\u00f3n de opiniones ante situaciones extremas como la crisis del COVID me hacen pensar que nadie realmente...<\/p>\n\t\t\t\t\t\t<\/div><!-- .entry-summary -->\n\t\t\t\t\t<div class=\"wpsp-read-more\"><a title=\"\u00bfPor qu\u00e9 hay que andarse con pies de plomo cada vez que nos pronunciamos?\" class=\"wp-show-posts-read-more\" href=\"https:\/\/vgrade.eu\/es\/warum-immer-einen-verbalen-eiertanz-veranstalten\/\">Leer m\u00e1s<\/a><\/div><div class=\"wp-show-posts-entry-meta wp-show-posts-entry-meta-below-post post-meta-stack\"><span class=\"wp-show-posts-comments-link wp-show-posts-meta\"><a href=\"https:\/\/vgrade.eu\/es\/warum-immer-einen-verbalen-eiertanz-veranstalten\/#respond\">Deja un comentario<\/a><\/span><\/div><\/div><!-- wp-show-posts-inner --><\/article><div class=\"wpsp-clear\"><\/div><\/section><!-- .wp-show-posts --><\/div>\n\t\t\t\t\t\t<\/div>\n\t\t\t\t<\/div>\n\t\t\t\t\t<\/div>\n\t\t<\/div>\n\t\t\t\t\t<\/div>\n\t\t<\/section>\n\t\t\t\t<section class=\"elementor-section elementor-top-section elementor-element elementor-element-add5f51 elementor-section-boxed elementor-section-height-default elementor-section-height-default\" data-id=\"add5f51\" data-element_type=\"section\" data-e-type=\"section\">\n\t\t\t\t\t\t<div class=\"elementor-container elementor-column-gap-default\">\n\t\t\t\t\t<div class=\"elementor-column elementor-col-100 elementor-top-column elementor-element elementor-element-f219ea5\" data-id=\"f219ea5\" data-element_type=\"column\" data-e-type=\"column\">\n\t\t\t<div class=\"elementor-widget-wrap elementor-element-populated\">\n\t\t\t\t\t\t<div class=\"elementor-element elementor-element-a6ca132 elementor-widget elementor-widget-shortcode\" data-id=\"a6ca132\" data-element_type=\"widget\" data-e-type=\"widget\" data-widget_type=\"shortcode.default\">\n\t\t\t\t<div class=\"elementor-widget-container\">\n\t\t\t\t\t\t\t<div class=\"elementor-shortcode\"><div class=\"cat_specific_rss\"><ul class=\"cat_show_image\">\t<li class=\"cat-item cat-item-1\"><a href=\"https:\/\/vgrade.eu\/es\/category\/erstaunliche-politik\/\">extra\u00f1ezas en la pol\u00edtica nacional e internacional<\/a> (3) <\/li> \t<li class=\"cat-item cat-item-14\"><a href=\"https:\/\/vgrade.eu\/es\/category\/thermomix-effekt\/\">efecto Thermomix<\/a> (3) <\/li> \t<li class=\"cat-item cat-item-13\"><a href=\"https:\/\/vgrade.eu\/es\/category\/verkehrte-welt-deutsch-spanisch\/\">El mundo al rev\u00e9s: Espa\u00f1ol - Alem\u00e1n<\/a> (4) <\/li> \t<li class=\"cat-item cat-item-19\"><a href=\"https:\/\/vgrade.eu\/es\/category\/warum-einfach\/\">\u00bfPor qu\u00e9 pon\u00e9rnoslo f\u00e1cil,...?<\/a> (3) <\/li> <\/ul><\/div><\/div>\n\t\t\t\t\t\t<\/div>\n\t\t\t\t<\/div>\n\t\t\t\t\t<\/div>\n\t\t<\/div>\n\t\t\t\t\t<\/div>\n\t\t<\/section>\n\t\t\t\t<\/div>","protected":false},"excerpt":{"rendered":"<p>Efecto Thermomix<\/p>","protected":false},"author":1,"featured_media":0,"parent":275,"menu_order":0,"comment_status":"closed","ping_status":"closed","template":"","meta":{"footnotes":""},"class_list":["post-857","page","type-page","status-publish","hentry"],"_links":{"self":[{"href":"https:\/\/vgrade.eu\/es\/wp-json\/wp\/v2\/pages\/857","targetHints":{"allow":["GET"]}}],"collection":[{"href":"https:\/\/vgrade.eu\/es\/wp-json\/wp\/v2\/pages"}],"about":[{"href":"https:\/\/vgrade.eu\/es\/wp-json\/wp\/v2\/types\/page"}],"author":[{"embeddable":true,"href":"https:\/\/vgrade.eu\/es\/wp-json\/wp\/v2\/users\/1"}],"replies":[{"embeddable":true,"href":"https:\/\/vgrade.eu\/es\/wp-json\/wp\/v2\/comments?post=857"}],"version-history":[{"count":7,"href":"https:\/\/vgrade.eu\/es\/wp-json\/wp\/v2\/pages\/857\/revisions"}],"predecessor-version":[{"id":1212,"href":"https:\/\/vgrade.eu\/es\/wp-json\/wp\/v2\/pages\/857\/revisions\/1212"}],"up":[{"embeddable":true,"href":"https:\/\/vgrade.eu\/es\/wp-json\/wp\/v2\/pages\/275"}],"wp:attachment":[{"href":"https:\/\/vgrade.eu\/es\/wp-json\/wp\/v2\/media?parent=857"}],"curies":[{"name":"wp","href":"https:\/\/api.w.org\/{rel}","templated":true}]}}