{"id":630,"date":"2022-04-16T12:51:35","date_gmt":"2022-04-16T12:51:35","guid":{"rendered":"https:\/\/vgrade.eu\/?page_id=630"},"modified":"2022-05-22T18:23:09","modified_gmt":"2022-05-22T18:23:09","slug":"grundsatzueberlegung","status":"publish","type":"page","link":"https:\/\/vgrade.eu\/es\/grundsatzueberlegung\/","title":{"rendered":"consideraciones b\u00e1sicas"},"content":{"rendered":"<div data-elementor-type=\"wp-page\" data-elementor-id=\"630\" class=\"elementor elementor-630\">\n\t\t\t\t\t\t<section class=\"elementor-section elementor-top-section elementor-element elementor-element-7a4abab elementor-section-boxed elementor-section-height-default elementor-section-height-default\" data-id=\"7a4abab\" data-element_type=\"section\" data-e-type=\"section\">\n\t\t\t\t\t\t<div class=\"elementor-container elementor-column-gap-default\">\n\t\t\t\t\t<div class=\"elementor-column elementor-col-100 elementor-top-column elementor-element elementor-element-eab9fde\" data-id=\"eab9fde\" data-element_type=\"column\" data-e-type=\"column\">\n\t\t\t<div class=\"elementor-widget-wrap elementor-element-populated\">\n\t\t\t\t\t\t<div class=\"elementor-element elementor-element-8134767 elementor-widget elementor-widget-heading\" data-id=\"8134767\" data-element_type=\"widget\" data-e-type=\"widget\" data-widget_type=\"heading.default\">\n\t\t\t\t<div class=\"elementor-widget-container\">\n\t\t\t\t\t<h2 class=\"elementor-heading-title elementor-size-default\">consideraciones b\u00e1sicas<\/h2>\t\t\t\t<\/div>\n\t\t\t\t<\/div>\n\t\t\t\t\t<\/div>\n\t\t<\/div>\n\t\t\t\t\t<\/div>\n\t\t<\/section>\n\t\t\t\t<section class=\"elementor-section elementor-top-section elementor-element elementor-element-030001a elementor-section-boxed elementor-section-height-default elementor-section-height-default\" data-id=\"030001a\" data-element_type=\"section\" data-e-type=\"section\">\n\t\t\t\t\t\t<div class=\"elementor-container elementor-column-gap-default\">\n\t\t\t\t\t<div class=\"elementor-column elementor-col-100 elementor-top-column elementor-element elementor-element-06b1587\" data-id=\"06b1587\" data-element_type=\"column\" data-e-type=\"column\">\n\t\t\t<div class=\"elementor-widget-wrap elementor-element-populated\">\n\t\t\t\t\t\t<div class=\"elementor-element elementor-element-3924064 elementor-widget elementor-widget-image\" data-id=\"3924064\" data-element_type=\"widget\" data-e-type=\"widget\" data-widget_type=\"image.default\">\n\t\t\t\t<div class=\"elementor-widget-container\">\n\t\t\t\t\t\t\t\t\t\t\t\t\t\t\t<img fetchpriority=\"high\" decoding=\"async\" width=\"225\" height=\"300\" src=\"https:\/\/vgrade.eu\/wp-content\/uploads\/2022\/04\/IMG_2731-225x300.jpg\" class=\"attachment-medium size-medium wp-image-532\" alt=\"\" srcset=\"https:\/\/vgrade.eu\/wp-content\/uploads\/2022\/04\/IMG_2731-225x300.jpg 225w, https:\/\/vgrade.eu\/wp-content\/uploads\/2022\/04\/IMG_2731-768x1024.jpg 768w, https:\/\/vgrade.eu\/wp-content\/uploads\/2022\/04\/IMG_2731-1152x1536.jpg 1152w, https:\/\/vgrade.eu\/wp-content\/uploads\/2022\/04\/IMG_2731-1536x2048.jpg 1536w, https:\/\/vgrade.eu\/wp-content\/uploads\/2022\/04\/IMG_2731-scaled.jpg 1920w\" sizes=\"(max-width: 225px) 100vw, 225px\" \/>\t\t\t\t\t\t\t\t\t\t\t\t\t\t\t<\/div>\n\t\t\t\t<\/div>\n\t\t\t\t\t<\/div>\n\t\t<\/div>\n\t\t\t\t\t<\/div>\n\t\t<\/section>\n\t\t\t\t<section class=\"elementor-section elementor-top-section elementor-element elementor-element-e411380 elementor-section-boxed elementor-section-height-default elementor-section-height-default\" data-id=\"e411380\" data-element_type=\"section\" data-e-type=\"section\">\n\t\t\t\t\t\t<div class=\"elementor-container elementor-column-gap-default\">\n\t\t\t\t\t<div class=\"elementor-column elementor-col-100 elementor-top-column elementor-element elementor-element-9994421\" data-id=\"9994421\" data-element_type=\"column\" data-e-type=\"column\">\n\t\t\t<div class=\"elementor-widget-wrap elementor-element-populated\">\n\t\t\t\t\t\t<div class=\"elementor-element elementor-element-6bced0d elementor-widget elementor-widget-text-editor\" data-id=\"6bced0d\" data-element_type=\"widget\" data-e-type=\"widget\" data-widget_type=\"text-editor.default\">\n\t\t\t\t<div class=\"elementor-widget-container\">\n\t\t\t\t\t\t\t\t\t<p>En todas las gu\u00edas, ya sea en libros, en l\u00ednea o en cursos, se pregonan ciertas estrategias que supuestamente garantizan el \u00e9xito. Siempre son las mismas consideraciones de marketing las que se se\u00f1alan como indispensables para atraer el mayor n\u00famero posible de seguidores.<\/p><p>Me parece bastante llamativo que en alem\u00e1n se adopte simplemente la palabra inglesa \"follower\" en este contexto. Es cierto que \"seguidor\" en alem\u00e1n - \"der Anh\u00e4nger\" - suena un poco dif\u00edcil de manejar y una de las definiciones del Duden* de \u00e9sta es \"veh\u00edculo sin propulsi\u00f3n propia\". Definici\u00f3n que no se ajusta realmente a las caracter\u00edsticas que uno se atribuye como seguidor, \u00bfa que no? Otra posible traducci\u00f3n ser\u00eda \"Mitl\u00e4ufer\", o sea \"secuaz\", tambi\u00e9n alguien sin impulso propio. Me parece interesante, porque hasta ahora no entiendo del todo la din\u00e1mica que hay detr\u00e1s de las redes sociales.\n(*Duden es una autoridad en cuestiones ling\u00fc\u00edsticas parecida a la RAE)\u00a0<\/p>\t\t\t\t\t\t\t\t<\/div>\n\t\t\t\t<\/div>\n\t\t\t\t<div class=\"elementor-element elementor-element-31173f9 elementor-view-default elementor-widget elementor-widget-icon\" data-id=\"31173f9\" data-element_type=\"widget\" data-e-type=\"widget\" data-widget_type=\"icon.default\">\n\t\t\t\t<div class=\"elementor-widget-container\">\n\t\t\t\t\t\t\t<div class=\"elementor-icon-wrapper\">\n\t\t\t<div class=\"elementor-icon\">\n\t\t\t<i aria-hidden=\"true\" class=\"far fa-question-circle\"><\/i>\t\t\t<\/div>\n\t\t<\/div>\n\t\t\t\t\t\t<\/div>\n\t\t\t\t<\/div>\n\t\t\t\t<div class=\"elementor-element elementor-element-dac42b2 elementor-widget elementor-widget-text-editor\" data-id=\"dac42b2\" data-element_type=\"widget\" data-e-type=\"widget\" data-widget_type=\"text-editor.default\">\n\t\t\t\t<div class=\"elementor-widget-container\">\n\t\t\t\t\t\t\t\t\t<p style=\"text-align: center;\">\u00bfC\u00f3mo es posible que, de repente, el mundo entero se sienta obligado a unirse a cualquier tipo de grupo o comunidad, a consumir y comentar todo tipo de instant\u00e1neas, aparentemente irrelevantes y pasadas por ochenta filtros, de la vida de personas que en la mayor\u00eda de los casos ni conoce? Se podr\u00e1 responder a esta pregunta con explicaciones similares que tambi\u00e9n se utilizan para otros fen\u00f3menos de masa, como la teor\u00eda del contagio y del acercamiento, de la que se habla en psicolog\u00eda social para referirse a comportamientos comparables.\u00a0<\/p>\t\t\t\t\t\t\t\t<\/div>\n\t\t\t\t<\/div>\n\t\t\t\t<div class=\"elementor-element elementor-element-122dcae elementor-widget elementor-widget-text-editor\" data-id=\"122dcae\" data-element_type=\"widget\" data-e-type=\"widget\" data-widget_type=\"text-editor.default\">\n\t\t\t\t<div class=\"elementor-widget-container\">\n\t\t\t\t\t\t\t\t\t<p>Desde que tengo uso de raz\u00f3n, los fen\u00f3menos de masas tienden a tener el efecto contrario en m\u00ed. Me cri\u00e9 en el sudoeste de Alemania, donde por cercan\u00eda tiene sentido aprender franc\u00e9s. No ten\u00eda ganas de hacerlo, y no porque las lenguas extranjeras no me interesen -todo lo contrario- ni porque no viera el beneficio pr\u00e1ctico de muchos viajes al otro lado de la frontera, sino simplemente porque todo el mundo quer\u00eda aprender franc\u00e9s. La promoci\u00f3n exagerada de las cosas no me anima a comprarlas, leerlas, hacerlas o usarlas, sino que ahuyenta cualquier chispa de inter\u00e9s que pudiera haber albergado en ellas por mi cuenta. \u00a0<\/p>\t\t\t\t\t\t\t\t<\/div>\n\t\t\t\t<\/div>\n\t\t\t\t\t<\/div>\n\t\t<\/div>\n\t\t\t\t\t<\/div>\n\t\t<\/section>\n\t\t\t\t<section class=\"elementor-section elementor-top-section elementor-element elementor-element-6bd8a85 elementor-section-boxed elementor-section-height-default elementor-section-height-default\" data-id=\"6bd8a85\" data-element_type=\"section\" data-e-type=\"section\">\n\t\t\t\t\t\t<div class=\"elementor-container elementor-column-gap-default\">\n\t\t\t\t\t<div class=\"elementor-column elementor-col-50 elementor-top-column elementor-element elementor-element-848bc10\" data-id=\"848bc10\" data-element_type=\"column\" data-e-type=\"column\">\n\t\t\t<div class=\"elementor-widget-wrap elementor-element-populated\">\n\t\t\t\t\t\t<div class=\"elementor-element elementor-element-ddfb71e elementor-view-default elementor-widget elementor-widget-icon\" data-id=\"ddfb71e\" data-element_type=\"widget\" data-e-type=\"widget\" data-widget_type=\"icon.default\">\n\t\t\t\t<div class=\"elementor-widget-container\">\n\t\t\t\t\t\t\t<div class=\"elementor-icon-wrapper\">\n\t\t\t<div class=\"elementor-icon\">\n\t\t\t<i aria-hidden=\"true\" class=\"far fa-newspaper\"><\/i>\t\t\t<\/div>\n\t\t<\/div>\n\t\t\t\t\t\t<\/div>\n\t\t\t\t<\/div>\n\t\t\t\t<div class=\"elementor-element elementor-element-69166ce elementor-widget elementor-widget-text-editor\" data-id=\"69166ce\" data-element_type=\"widget\" data-e-type=\"widget\" data-widget_type=\"text-editor.default\">\n\t\t\t\t<div class=\"elementor-widget-container\">\n\t\t\t\t\t\t\t\t\t<h4 style=\"text-align: center;\">\u00bfEs que no hay ninguna manera de ofrecer un servicio online sin echar mano de las estrategias de marketing comunes?<\/h4>\t\t\t\t\t\t\t\t<\/div>\n\t\t\t\t<\/div>\n\t\t\t\t<div class=\"elementor-element elementor-element-f263414 elementor-view-default elementor-widget elementor-widget-icon\" data-id=\"f263414\" data-element_type=\"widget\" data-e-type=\"widget\" data-widget_type=\"icon.default\">\n\t\t\t\t<div class=\"elementor-widget-container\">\n\t\t\t\t\t\t\t<div class=\"elementor-icon-wrapper\">\n\t\t\t<div class=\"elementor-icon\">\n\t\t\t<i aria-hidden=\"true\" class=\"fas fa-mail-bulk\"><\/i>\t\t\t<\/div>\n\t\t<\/div>\n\t\t\t\t\t\t<\/div>\n\t\t\t\t<\/div>\n\t\t\t\t\t<\/div>\n\t\t<\/div>\n\t\t\t\t<div class=\"elementor-column elementor-col-50 elementor-top-column elementor-element elementor-element-326c96e\" data-id=\"326c96e\" data-element_type=\"column\" data-e-type=\"column\">\n\t\t\t<div class=\"elementor-widget-wrap elementor-element-populated\">\n\t\t\t\t\t\t<div class=\"elementor-element elementor-element-125c2f1 elementor-widget elementor-widget-text-editor\" data-id=\"125c2f1\" data-element_type=\"widget\" data-e-type=\"widget\" data-widget_type=\"text-editor.default\">\n\t\t\t\t<div class=\"elementor-widget-container\">\n\t\t\t\t\t\t\t\t\t<p>Para escribir un blog exitoso, aconsejan por todas partes que, por supuesto, es absolutamente esencial suscribirse a otros blogs y boletines de noticias para que as\u00ed se vayan suscribiendo los dem\u00e1s tambi\u00e9n al tuyo. Al mismo tiempo, se recomienda abrir una cuenta de correo electr\u00f3nico adicional para que la que usamos de costumbre no se atasque. - Perd\u00f3n, pero \u00bfsoy la \u00fanica a la que le parece esto un planteamiento de lo m\u00e1s absurdo?\u00a0 <\/p>\t\t\t\t\t\t\t\t<\/div>\n\t\t\t\t<\/div>\n\t\t\t\t\t<\/div>\n\t\t<\/div>\n\t\t\t\t\t<\/div>\n\t\t<\/section>\n\t\t\t\t<section class=\"elementor-section elementor-top-section elementor-element elementor-element-9eb2b34 elementor-section-boxed elementor-section-height-default elementor-section-height-default\" data-id=\"9eb2b34\" data-element_type=\"section\" data-e-type=\"section\">\n\t\t\t\t\t\t<div class=\"elementor-container elementor-column-gap-default\">\n\t\t\t\t\t<div class=\"elementor-column elementor-col-100 elementor-top-column elementor-element elementor-element-f465ef6\" data-id=\"f465ef6\" data-element_type=\"column\" data-e-type=\"column\">\n\t\t\t<div class=\"elementor-widget-wrap elementor-element-populated\">\n\t\t\t\t\t\t<div class=\"elementor-element elementor-element-e8f2876 elementor-widget elementor-widget-text-editor\" data-id=\"e8f2876\" data-element_type=\"widget\" data-e-type=\"widget\" data-widget_type=\"text-editor.default\">\n\t\t\t\t<div class=\"elementor-widget-container\">\n\t\t\t\t\t\t\t\t\t<p>Me niego a creer que a todos los que est\u00e1n en la red hoy en d\u00eda les atraiga la idea de morder este tipo de anzuelos. Por lo tanto, con <a href=\"https:\/\/vgrade.eu\/es\/coaching-und-monetisierung\/\">este blog<\/a>intento llegar a la gente que aborrece, como yo, lo de poner un \u201e(no) me gusta\", de alardear de la vida privada de uno y de los dem\u00e1s, de crear contenidos y seguidores por las buenas o por las malas y a toda costa. Todo esto me supera y creo que deber\u00edamos bajarnos de ese carro y replantearnos lo que realmente nos importa - y sin buscarle tres pies al gato. Con mi blog, me gustar\u00eda ofrecer elementos de reflexi\u00f3n e inspiraci\u00f3n que la gente lea porque le interesan, y no porque se los lancen constantemente a la cara - o al buz\u00f3n.<\/p>\t\t\t\t\t\t\t\t<\/div>\n\t\t\t\t<\/div>\n\t\t\t\t\t<\/div>\n\t\t<\/div>\n\t\t\t\t\t<\/div>\n\t\t<\/section>\n\t\t\t\t<\/div>","protected":false},"excerpt":{"rendered":"<p>Grundsatz\u00fcberlegung In s\u00e4mtlichen Ratgebern, sowohl in B\u00fcchern, online oder in Kursen, werden bestimmte Erfolgsstrategien angepriesen. Es sind immer die gleichen Marketing-\u00dcberlegungen, die als unabdinglich beschrieben werden, um eine h\u00f6chstm\u00f6gliche Anzahl von Anh\u00e4ngern anzulocken. Ich finde es schon bezeichnend, dass das Englische Wort \u201eFollower\u201c in diesem Kontext einfach auf Deutsch \u00fcbernommen wird. Anh\u00e4nger h\u00f6rt sich zugegebenerma\u00dfen &#8230; <a title=\"consideraciones b\u00e1sicas\" class=\"read-more\" href=\"https:\/\/vgrade.eu\/es\/grundsatzueberlegung\/\" aria-label=\"Leer m\u00e1s sobre Grundsatz\u00fcberlegung\">Leer m\u00e1s<\/a><\/p>","protected":false},"author":1,"featured_media":0,"parent":0,"menu_order":0,"comment_status":"closed","ping_status":"closed","template":"","meta":{"footnotes":""},"class_list":["post-630","page","type-page","status-publish"],"_links":{"self":[{"href":"https:\/\/vgrade.eu\/es\/wp-json\/wp\/v2\/pages\/630","targetHints":{"allow":["GET"]}}],"collection":[{"href":"https:\/\/vgrade.eu\/es\/wp-json\/wp\/v2\/pages"}],"about":[{"href":"https:\/\/vgrade.eu\/es\/wp-json\/wp\/v2\/types\/page"}],"author":[{"embeddable":true,"href":"https:\/\/vgrade.eu\/es\/wp-json\/wp\/v2\/users\/1"}],"replies":[{"embeddable":true,"href":"https:\/\/vgrade.eu\/es\/wp-json\/wp\/v2\/comments?post=630"}],"version-history":[{"count":25,"href":"https:\/\/vgrade.eu\/es\/wp-json\/wp\/v2\/pages\/630\/revisions"}],"predecessor-version":[{"id":1169,"href":"https:\/\/vgrade.eu\/es\/wp-json\/wp\/v2\/pages\/630\/revisions\/1169"}],"wp:attachment":[{"href":"https:\/\/vgrade.eu\/es\/wp-json\/wp\/v2\/media?parent=630"}],"curies":[{"name":"wp","href":"https:\/\/api.w.org\/{rel}","templated":true}]}}