{"id":500,"date":"2022-04-15T12:08:00","date_gmt":"2022-04-15T12:08:00","guid":{"rendered":"https:\/\/vgrade.eu\/?page_id=500"},"modified":"2022-06-06T09:39:42","modified_gmt":"2022-06-06T09:39:42","slug":"verkehrte-welt-deutsch-spanisch","status":"publish","type":"page","link":"https:\/\/vgrade.eu\/es\/home\/verkehrte-welt-deutsch-spanisch\/","title":{"rendered":"Verkehrte Welt: Deutsch &#8211; Spanisch"},"content":{"rendered":"<div data-elementor-type=\"wp-page\" data-elementor-id=\"500\" class=\"elementor elementor-500\">\n\t\t\t\t\t\t<section class=\"elementor-section elementor-top-section elementor-element elementor-element-7a4abab elementor-section-boxed elementor-section-height-default elementor-section-height-default\" data-id=\"7a4abab\" data-element_type=\"section\" data-e-type=\"section\">\n\t\t\t\t\t\t<div class=\"elementor-container elementor-column-gap-default\">\n\t\t\t\t\t<div class=\"elementor-column elementor-col-100 elementor-top-column elementor-element elementor-element-eab9fde\" data-id=\"eab9fde\" data-element_type=\"column\" data-e-type=\"column\">\n\t\t\t<div class=\"elementor-widget-wrap elementor-element-populated\">\n\t\t\t\t\t\t<div class=\"elementor-element elementor-element-8134767 elementor-widget elementor-widget-heading\" data-id=\"8134767\" data-element_type=\"widget\" data-e-type=\"widget\" data-widget_type=\"heading.default\">\n\t\t\t\t<div class=\"elementor-widget-container\">\n\t\t\t\t\t<h2 class=\"elementor-heading-title elementor-size-default\">El mundo al rev\u00e9s: Espa\u00f1ol - Alem\u00e1n <\/h2>\t\t\t\t<\/div>\n\t\t\t\t<\/div>\n\t\t\t\t\t<\/div>\n\t\t<\/div>\n\t\t\t\t\t<\/div>\n\t\t<\/section>\n\t\t\t\t<section class=\"elementor-section elementor-top-section elementor-element elementor-element-bac172b elementor-section-boxed elementor-section-height-default elementor-section-height-default\" data-id=\"bac172b\" data-element_type=\"section\" data-e-type=\"section\">\n\t\t\t\t\t\t<div class=\"elementor-container elementor-column-gap-default\">\n\t\t\t\t\t<div class=\"elementor-column elementor-col-50 elementor-top-column elementor-element elementor-element-bc8df0e\" data-id=\"bc8df0e\" data-element_type=\"column\" data-e-type=\"column\">\n\t\t\t<div class=\"elementor-widget-wrap elementor-element-populated\">\n\t\t\t\t\t\t<div class=\"elementor-element elementor-element-dd444e5 elementor-widget elementor-widget-image\" data-id=\"dd444e5\" data-element_type=\"widget\" data-e-type=\"widget\" data-widget_type=\"image.default\">\n\t\t\t\t<div class=\"elementor-widget-container\">\n\t\t\t\t\t\t\t\t\t\t\t\t\t\t\t<img fetchpriority=\"high\" decoding=\"async\" width=\"225\" height=\"300\" src=\"https:\/\/vgrade.eu\/wp-content\/uploads\/2022\/04\/IMG_2176-225x300.jpg\" class=\"attachment-medium size-medium wp-image-538\" alt=\"\" srcset=\"https:\/\/vgrade.eu\/wp-content\/uploads\/2022\/04\/IMG_2176-225x300.jpg 225w, https:\/\/vgrade.eu\/wp-content\/uploads\/2022\/04\/IMG_2176-768x1024.jpg 768w, https:\/\/vgrade.eu\/wp-content\/uploads\/2022\/04\/IMG_2176-1152x1536.jpg 1152w, https:\/\/vgrade.eu\/wp-content\/uploads\/2022\/04\/IMG_2176-1536x2048.jpg 1536w, https:\/\/vgrade.eu\/wp-content\/uploads\/2022\/04\/IMG_2176-scaled.jpg 1920w\" sizes=\"(max-width: 225px) 100vw, 225px\" \/>\t\t\t\t\t\t\t\t\t\t\t\t\t\t\t<\/div>\n\t\t\t\t<\/div>\n\t\t\t\t\t<\/div>\n\t\t<\/div>\n\t\t\t\t<div class=\"elementor-column elementor-col-50 elementor-top-column elementor-element elementor-element-aa32d49\" data-id=\"aa32d49\" data-element_type=\"column\" data-e-type=\"column\">\n\t\t\t<div class=\"elementor-widget-wrap elementor-element-populated\">\n\t\t\t\t\t\t<div class=\"elementor-element elementor-element-5dcfaa4 elementor-widget elementor-widget-image\" data-id=\"5dcfaa4\" data-element_type=\"widget\" data-e-type=\"widget\" data-widget_type=\"image.default\">\n\t\t\t\t<div class=\"elementor-widget-container\">\n\t\t\t\t\t\t\t\t\t\t\t\t\t\t\t<img decoding=\"async\" width=\"224\" height=\"300\" src=\"https:\/\/vgrade.eu\/wp-content\/uploads\/2022\/04\/deb6ec25-5179-4cb3-ae3c-9c2eb73b6dc3-224x300.jpg\" class=\"attachment-medium size-medium wp-image-540\" alt=\"\" srcset=\"https:\/\/vgrade.eu\/wp-content\/uploads\/2022\/04\/deb6ec25-5179-4cb3-ae3c-9c2eb73b6dc3-224x300.jpg 224w, https:\/\/vgrade.eu\/wp-content\/uploads\/2022\/04\/deb6ec25-5179-4cb3-ae3c-9c2eb73b6dc3-766x1024.jpg 766w, https:\/\/vgrade.eu\/wp-content\/uploads\/2022\/04\/deb6ec25-5179-4cb3-ae3c-9c2eb73b6dc3-768x1027.jpg 768w, https:\/\/vgrade.eu\/wp-content\/uploads\/2022\/04\/deb6ec25-5179-4cb3-ae3c-9c2eb73b6dc3-1149x1536.jpg 1149w, https:\/\/vgrade.eu\/wp-content\/uploads\/2022\/04\/deb6ec25-5179-4cb3-ae3c-9c2eb73b6dc3.jpg 1197w\" sizes=\"(max-width: 224px) 100vw, 224px\" \/>\t\t\t\t\t\t\t\t\t\t\t\t\t\t\t<\/div>\n\t\t\t\t<\/div>\n\t\t\t\t\t<\/div>\n\t\t<\/div>\n\t\t\t\t\t<\/div>\n\t\t<\/section>\n\t\t\t\t<section class=\"elementor-section elementor-top-section elementor-element elementor-element-e5b56c0 elementor-section-boxed elementor-section-height-default elementor-section-height-default\" data-id=\"e5b56c0\" data-element_type=\"section\" data-e-type=\"section\">\n\t\t\t\t\t\t<div class=\"elementor-container elementor-column-gap-default\">\n\t\t\t\t\t<div class=\"elementor-column elementor-col-100 elementor-top-column elementor-element elementor-element-a32e379\" data-id=\"a32e379\" data-element_type=\"column\" data-e-type=\"column\">\n\t\t\t<div class=\"elementor-widget-wrap elementor-element-populated\">\n\t\t\t\t\t\t<div class=\"elementor-element elementor-element-2cf8c66 elementor-widget elementor-widget-shortcode\" data-id=\"2cf8c66\" data-element_type=\"widget\" data-e-type=\"widget\" data-widget_type=\"shortcode.default\">\n\t\t\t\t<div class=\"elementor-widget-container\">\n\t\t\t\t\t\t\t<div class=\"elementor-shortcode\"><style>.wp-show-posts-columns#wpsp-711 {margin-left: -2em; }.wp-show-posts-columns#wpsp-711 .wp-show-posts-inner {margin: 0 0 2em 2em; }<\/style><section id=\"wpsp-711\" class=\"wp-show-posts-columns wp-show-posts\" style=\"\"><article class=\"wp-show-posts-single post-1331 post type-post status-publish format-aside hentry category-verkehrte-welt-deutsch-spanisch tag-deutsch tag-interkulturalitaet tag-mentalitaet-und-sprache tag-spanisch tag-stereotypen tag-vorurteile post_format-post-format-aside wpsp-col-6\" itemtype=\"http:\/\/schema.org\/CreativeWork\" itemscope><div class=\"wp-show-posts-inner\" style=\"\">\t\t\t\t\t\t<header class=\"wp-show-posts-entry-header\">\n\t\t\t\t\t\t\t<h4 class=\"wp-show-posts-entry-title\" itemprop=\"headline\"><a href=\"https:\/\/vgrade.eu\/es\/ya-si-eso-nos-tomamos-una-cerveza-2\/\" rel=\"bookmark\">Dime c\u00f3mo vives y te dir\u00e9 qui\u00e9n eres.<\/a><\/h4><div class=\"wp-show-posts-entry-meta wp-show-posts-entry-meta-below-title post-meta-inline\"><span class=\"wp-show-posts-terms wp-show-posts-meta\"><a href=\"https:\/\/vgrade.eu\/es\/category\/verkehrte-welt-deutsch-spanisch\/\" rel=\"tag\">El mundo al rev\u00e9s: Espa\u00f1ol - Alem\u00e1n<\/a><\/span> <span class=\"wp-show-posts-separator\">|<\/span> <span class=\"wp-show-posts-comments-link wp-show-posts-meta\"><a href=\"https:\/\/vgrade.eu\/es\/ya-si-eso-nos-tomamos-una-cerveza-2\/#respond\">Deja un comentario<\/a><\/span><\/div>\t\t\t\t\t\t<\/header><!-- .entry-header -->\n\t\t\t\t\t\t\t\t\t\t\t<div class=\"wp-show-posts-entry-summary\" itemprop=\"text\">\n\t\t\t\t\t\t\t<p>La primera pregunta que solemos escuchar en Alemania al visitar a alguien por primera vez en su casa, es: ...<\/p>\n\t\t\t\t\t\t<\/div><!-- .entry-summary -->\n\t\t\t\t\t<div class=\"wpsp-read-more\"><a title=\"Dime c\u00f3mo vives y te dir\u00e9 qui\u00e9n eres.\" class=\"wp-show-posts-read-more\" href=\"https:\/\/vgrade.eu\/es\/ya-si-eso-nos-tomamos-una-cerveza-2\/\">Leer m\u00e1s<\/a><\/div><div class=\"wp-show-posts-entry-meta wp-show-posts-entry-meta-below-post post-meta-stack\"><span class=\"wp-show-posts-byline wp-show-posts-meta\">\n\t\t\t\t\t<span class=\"wp-show-posts-author vcard\" itemtype=\"http:\/\/schema.org\/Person\" itemscope=\"itemscope\" itemprop=\"author\">\n\t\t\t\t\t\t<a class=\"url fn n\" href=\"https:\/\/vgrade.eu\/es\/author\/admin\/\" title=\"Ver todas las entradas de admin\" rel=\"author\" itemprop=\"url\">\n\t\t\t\t\t\t\t<span class=\"author-name\" itemprop=\"name\">admin<\/span>\n\t\t\t\t\t\t<\/a>\n\t\t\t\t\t<\/span>\n\t\t\t\t<\/span><br \/><span class=\"wp-show-posts-posted-on wp-show-posts-meta\">\n\t\t\t\t\t<a href=\"https:\/\/vgrade.eu\/es\/ya-si-eso-nos-tomamos-una-cerveza-2\/\" title=\"20:07\" rel=\"bookmark\"><time class=\"wp-show-posts-entry-date published\" datetime=\"2022-10-02T20:07:21+00:00\" itemprop=\"datePublished\">02.10.2022<\/time><time class=\"wp-show-posts-updated\" datetime=\"2022-10-02T20:13:01+00:00\" itemprop=\"dateModified\">02.10.2022<\/time><\/a>\n\t\t\t\t<\/span><\/div><\/div><!-- wp-show-posts-inner --><\/article><article class=\"wp-show-posts-single post-1248 post type-post status-publish format-aside hentry category-verkehrte-welt-deutsch-spanisch tag-deutsch tag-interkulturalitaet tag-mentalitaet-und-sprache tag-spanisch tag-stereotypen tag-vorurteile post_format-post-format-aside wpsp-col-6\" itemtype=\"http:\/\/schema.org\/CreativeWork\" itemscope><div class=\"wp-show-posts-inner\" style=\"\">\t\t\t\t\t\t<header class=\"wp-show-posts-entry-header\">\n\t\t\t\t\t\t\t<h4 class=\"wp-show-posts-entry-title\" itemprop=\"headline\"><a href=\"https:\/\/vgrade.eu\/es\/deutsch-und-das-kleine-grune-mannchen\/\" rel=\"bookmark\">El alem\u00e1n y el hombrecito verde<\/a><\/h4><div class=\"wp-show-posts-entry-meta wp-show-posts-entry-meta-below-title post-meta-inline\"><span class=\"wp-show-posts-terms wp-show-posts-meta\"><a href=\"https:\/\/vgrade.eu\/es\/category\/verkehrte-welt-deutsch-spanisch\/\" rel=\"tag\">El mundo al rev\u00e9s: Espa\u00f1ol - Alem\u00e1n<\/a><\/span> <span class=\"wp-show-posts-separator\">|<\/span> <span class=\"wp-show-posts-comments-link wp-show-posts-meta\"><a href=\"https:\/\/vgrade.eu\/es\/deutsch-und-das-kleine-grune-mannchen\/#respond\">Deja un comentario<\/a><\/span><\/div>\t\t\t\t\t\t<\/header><!-- .entry-header -->\n\t\t\t\t\t\t\t\t\t\t\t<div class=\"wp-show-posts-entry-summary\" itemprop=\"text\">\n\t\t\t\t\t\t\t<p>Dif\u00edcil de ver es. Siempre en movimiento el futuro est\u00e1. - Incluso los que no han visto La Guerra de las Galaxias...<\/p>\n\t\t\t\t\t\t<\/div><!-- .entry-summary -->\n\t\t\t\t\t<div class=\"wpsp-read-more\"><a title=\"El alem\u00e1n y el hombrecito verde\" class=\"wp-show-posts-read-more\" href=\"https:\/\/vgrade.eu\/es\/deutsch-und-das-kleine-grune-mannchen\/\">Leer m\u00e1s<\/a><\/div><div class=\"wp-show-posts-entry-meta wp-show-posts-entry-meta-below-post post-meta-stack\"><span class=\"wp-show-posts-byline wp-show-posts-meta\">\n\t\t\t\t\t<span class=\"wp-show-posts-author vcard\" itemtype=\"http:\/\/schema.org\/Person\" itemscope=\"itemscope\" itemprop=\"author\">\n\t\t\t\t\t\t<a class=\"url fn n\" href=\"https:\/\/vgrade.eu\/es\/author\/admin\/\" title=\"Ver todas las entradas de admin\" rel=\"author\" itemprop=\"url\">\n\t\t\t\t\t\t\t<span class=\"author-name\" itemprop=\"name\">admin<\/span>\n\t\t\t\t\t\t<\/a>\n\t\t\t\t\t<\/span>\n\t\t\t\t<\/span><br \/><span class=\"wp-show-posts-posted-on wp-show-posts-meta\">\n\t\t\t\t\t<a href=\"https:\/\/vgrade.eu\/es\/deutsch-und-das-kleine-grune-mannchen\/\" title=\"16:11\" rel=\"bookmark\"><time class=\"wp-show-posts-entry-date published\" datetime=\"2022-06-26T16:11:38+00:00\" itemprop=\"datePublished\">26.06.2022<\/time><time class=\"wp-show-posts-updated\" datetime=\"2022-06-26T16:52:08+00:00\" itemprop=\"dateModified\">26.06.2022<\/time><\/a>\n\t\t\t\t<\/span><\/div><\/div><!-- wp-show-posts-inner --><\/article><article class=\"wp-show-posts-single post-726 post type-post status-publish format-aside hentry category-verkehrte-welt-deutsch-spanisch tag-deutsch tag-interkulturalitaet tag-mentalitaet-und-sprache tag-spanisch tag-stereotypen tag-vorurteile post_format-post-format-aside wpsp-col-6\" itemtype=\"http:\/\/schema.org\/CreativeWork\" itemscope><div class=\"wp-show-posts-inner\" style=\"\">\t\t\t\t\t\t<header class=\"wp-show-posts-entry-header\">\n\t\t\t\t\t\t\t<h4 class=\"wp-show-posts-entry-title\" itemprop=\"headline\"><a href=\"https:\/\/vgrade.eu\/es\/ya-si-eso-nos-tomamos-una-cerveza\/\" rel=\"bookmark\">Ya si eso nos tomamos una cerveza<\/a><\/h4><div class=\"wp-show-posts-entry-meta wp-show-posts-entry-meta-below-title post-meta-inline\"><span class=\"wp-show-posts-terms wp-show-posts-meta\"><a href=\"https:\/\/vgrade.eu\/es\/category\/verkehrte-welt-deutsch-spanisch\/\" rel=\"tag\">El mundo al rev\u00e9s: Espa\u00f1ol - Alem\u00e1n<\/a><\/span> <span class=\"wp-show-posts-separator\">|<\/span> <span class=\"wp-show-posts-comments-link wp-show-posts-meta\"><a href=\"https:\/\/vgrade.eu\/es\/ya-si-eso-nos-tomamos-una-cerveza\/#respond\">Deja un comentario<\/a><\/span><\/div>\t\t\t\t\t\t<\/header><!-- .entry-header -->\n\t\t\t\t\t\t\t\t\t\t\t<div class=\"wp-show-posts-entry-summary\" itemprop=\"text\">\n\t\t\t\t\t\t\t<p>Para traducir esta frase al alem\u00e1n, meter\u00edamos varias part\u00edculas, tan propias de este idioma, para con ellas transmitir...<\/p>\n\t\t\t\t\t\t<\/div><!-- .entry-summary -->\n\t\t\t\t\t<div class=\"wpsp-read-more\"><a title=\"Ya si eso nos tomamos una cerveza\" class=\"wp-show-posts-read-more\" href=\"https:\/\/vgrade.eu\/es\/ya-si-eso-nos-tomamos-una-cerveza\/\">Leer m\u00e1s<\/a><\/div><div class=\"wp-show-posts-entry-meta wp-show-posts-entry-meta-below-post post-meta-stack\"><span class=\"wp-show-posts-byline wp-show-posts-meta\">\n\t\t\t\t\t<span class=\"wp-show-posts-author vcard\" itemtype=\"http:\/\/schema.org\/Person\" itemscope=\"itemscope\" itemprop=\"author\">\n\t\t\t\t\t\t<a class=\"url fn n\" href=\"https:\/\/vgrade.eu\/es\/author\/admin\/\" title=\"Ver todas las entradas de admin\" rel=\"author\" itemprop=\"url\">\n\t\t\t\t\t\t\t<span class=\"author-name\" itemprop=\"name\">admin<\/span>\n\t\t\t\t\t\t<\/a>\n\t\t\t\t\t<\/span>\n\t\t\t\t<\/span><br \/><span class=\"wp-show-posts-posted-on wp-show-posts-meta\">\n\t\t\t\t\t<a href=\"https:\/\/vgrade.eu\/es\/ya-si-eso-nos-tomamos-una-cerveza\/\" title=\"14:09\" rel=\"bookmark\"><time class=\"wp-show-posts-entry-date published\" datetime=\"2022-04-23T14:09:26+00:00\" itemprop=\"datePublished\">23.04.2022<\/time><time class=\"wp-show-posts-updated\" datetime=\"2022-05-08T11:06:09+00:00\" itemprop=\"dateModified\">08.05.2022<\/time><\/a>\n\t\t\t\t<\/span><\/div><\/div><!-- wp-show-posts-inner --><\/article><article class=\"wp-show-posts-single post-505 post type-post status-publish format-aside hentry category-verkehrte-welt-deutsch-spanisch tag-deutsch tag-interkulturalitaet tag-mentalitaet-und-sprache tag-spanisch tag-stereotypen tag-vorurteile post_format-post-format-aside wpsp-col-6\" itemtype=\"http:\/\/schema.org\/CreativeWork\" itemscope><div class=\"wp-show-posts-inner\" style=\"\">\t\t\t\t\t\t<header class=\"wp-show-posts-entry-header\">\n\t\t\t\t\t\t\t<h4 class=\"wp-show-posts-entry-title\" itemprop=\"headline\"><a href=\"https:\/\/vgrade.eu\/es\/ich-hoer-wohl-nicht-recht\/\" rel=\"bookmark\">\u00bfQu\u00e9 ha dicho?<\/a><\/h4><div class=\"wp-show-posts-entry-meta wp-show-posts-entry-meta-below-title post-meta-inline\"><span class=\"wp-show-posts-terms wp-show-posts-meta\"><a href=\"https:\/\/vgrade.eu\/es\/category\/verkehrte-welt-deutsch-spanisch\/\" rel=\"tag\">El mundo al rev\u00e9s: Espa\u00f1ol - Alem\u00e1n<\/a><\/span> <span class=\"wp-show-posts-separator\">|<\/span> <span class=\"wp-show-posts-comments-link wp-show-posts-meta\"><a href=\"https:\/\/vgrade.eu\/es\/ich-hoer-wohl-nicht-recht\/#respond\">Deja un comentario<\/a><\/span><\/div>\t\t\t\t\t\t<\/header><!-- .entry-header -->\n\t\t\t\t\t\t\t\t\t\t\t<div class=\"wp-show-posts-entry-summary\" itemprop=\"text\">\n\t\t\t\t\t\t\t<p>No es un fen\u00f3meno que se limite a la adquisici\u00f3n del alem\u00e1n o el espa\u00f1ol, sino que se hace notar en el aprendizaje de lenguas extranjeras en general....<\/p>\n\t\t\t\t\t\t<\/div><!-- .entry-summary -->\n\t\t\t\t\t<div class=\"wpsp-read-more\"><a title=\"Ich h\u00f6r&#8216; wohl nicht recht!\" class=\"wp-show-posts-read-more\" href=\"https:\/\/vgrade.eu\/es\/ich-hoer-wohl-nicht-recht\/\">Leer m\u00e1s<\/a><\/div><div class=\"wp-show-posts-entry-meta wp-show-posts-entry-meta-below-post post-meta-stack\"><span class=\"wp-show-posts-byline wp-show-posts-meta\">\n\t\t\t\t\t<span class=\"wp-show-posts-author vcard\" itemtype=\"http:\/\/schema.org\/Person\" itemscope=\"itemscope\" itemprop=\"author\">\n\t\t\t\t\t\t<a class=\"url fn n\" href=\"https:\/\/vgrade.eu\/es\/author\/admin\/\" title=\"Ver todas las entradas de admin\" rel=\"author\" itemprop=\"url\">\n\t\t\t\t\t\t\t<span class=\"author-name\" itemprop=\"name\">admin<\/span>\n\t\t\t\t\t\t<\/a>\n\t\t\t\t\t<\/span>\n\t\t\t\t<\/span><br \/><span class=\"wp-show-posts-posted-on wp-show-posts-meta\">\n\t\t\t\t\t<a href=\"https:\/\/vgrade.eu\/es\/ich-hoer-wohl-nicht-recht\/\" title=\"12:14\" rel=\"bookmark\"><time class=\"wp-show-posts-entry-date published\" datetime=\"2022-04-15T12:14:53+00:00\" itemprop=\"datePublished\">15.04.2022<\/time><time class=\"wp-show-posts-updated\" datetime=\"2022-05-08T11:09:26+00:00\" itemprop=\"dateModified\">08.05.2022<\/time><\/a>\n\t\t\t\t<\/span><\/div><\/div><!-- wp-show-posts-inner --><\/article><div class=\"wpsp-clear\"><\/div><\/section><!-- .wp-show-posts --><\/div>\n\t\t\t\t\t\t<\/div>\n\t\t\t\t<\/div>\n\t\t\t\t\t<\/div>\n\t\t<\/div>\n\t\t\t\t\t<\/div>\n\t\t<\/section>\n\t\t\t\t<section class=\"elementor-section elementor-top-section elementor-element elementor-element-e2c0be2 elementor-section-boxed elementor-section-height-default elementor-section-height-default\" data-id=\"e2c0be2\" data-element_type=\"section\" data-e-type=\"section\">\n\t\t\t\t\t\t<div class=\"elementor-container elementor-column-gap-default\">\n\t\t\t\t\t<div class=\"elementor-column elementor-col-100 elementor-top-column elementor-element elementor-element-27baf79\" data-id=\"27baf79\" data-element_type=\"column\" data-e-type=\"column\">\n\t\t\t<div class=\"elementor-widget-wrap elementor-element-populated\">\n\t\t\t\t\t\t<div class=\"elementor-element elementor-element-f903a10 elementor-widget elementor-widget-shortcode\" data-id=\"f903a10\" data-element_type=\"widget\" data-e-type=\"widget\" data-widget_type=\"shortcode.default\">\n\t\t\t\t<div class=\"elementor-widget-container\">\n\t\t\t\t\t\t\t<div class=\"elementor-shortcode\"><div class=\"cat_specific_rss\"><ul class=\"cat_show_image\">\t<li class=\"cat-item cat-item-1\"><a href=\"https:\/\/vgrade.eu\/es\/category\/erstaunliche-politik\/\">extra\u00f1ezas en la pol\u00edtica nacional e internacional<\/a> (3) <\/li> \t<li class=\"cat-item cat-item-14\"><a href=\"https:\/\/vgrade.eu\/es\/category\/thermomix-effekt\/\">efecto Thermomix<\/a> (3) <\/li> \t<li class=\"cat-item cat-item-13\"><a href=\"https:\/\/vgrade.eu\/es\/category\/verkehrte-welt-deutsch-spanisch\/\">El mundo al rev\u00e9s: Espa\u00f1ol - Alem\u00e1n<\/a> (4) <\/li> \t<li class=\"cat-item cat-item-19\"><a href=\"https:\/\/vgrade.eu\/es\/category\/warum-einfach\/\">\u00bfPor qu\u00e9 pon\u00e9rnoslo f\u00e1cil,...?<\/a> (3) <\/li> <\/ul><\/div><\/div>\n\t\t\t\t\t\t<\/div>\n\t\t\t\t<\/div>\n\t\t\t\t\t<\/div>\n\t\t<\/div>\n\t\t\t\t\t<\/div>\n\t\t<\/section>\n\t\t\t\t<\/div>","protected":false},"excerpt":{"rendered":"<p>Verkehrte Welt: Deutsch &#8211; Spanisch<\/p>","protected":false},"author":1,"featured_media":0,"parent":275,"menu_order":0,"comment_status":"closed","ping_status":"closed","template":"","meta":{"footnotes":""},"class_list":["post-500","page","type-page","status-publish","hentry"],"_links":{"self":[{"href":"https:\/\/vgrade.eu\/es\/wp-json\/wp\/v2\/pages\/500","targetHints":{"allow":["GET"]}}],"collection":[{"href":"https:\/\/vgrade.eu\/es\/wp-json\/wp\/v2\/pages"}],"about":[{"href":"https:\/\/vgrade.eu\/es\/wp-json\/wp\/v2\/types\/page"}],"author":[{"embeddable":true,"href":"https:\/\/vgrade.eu\/es\/wp-json\/wp\/v2\/users\/1"}],"replies":[{"embeddable":true,"href":"https:\/\/vgrade.eu\/es\/wp-json\/wp\/v2\/comments?post=500"}],"version-history":[{"count":21,"href":"https:\/\/vgrade.eu\/es\/wp-json\/wp\/v2\/pages\/500\/revisions"}],"predecessor-version":[{"id":1215,"href":"https:\/\/vgrade.eu\/es\/wp-json\/wp\/v2\/pages\/500\/revisions\/1215"}],"up":[{"embeddable":true,"href":"https:\/\/vgrade.eu\/es\/wp-json\/wp\/v2\/pages\/275"}],"wp:attachment":[{"href":"https:\/\/vgrade.eu\/es\/wp-json\/wp\/v2\/media?parent=500"}],"curies":[{"name":"wp","href":"https:\/\/api.w.org\/{rel}","templated":true}]}}