{"id":318,"date":"2022-02-23T18:26:31","date_gmt":"2022-02-23T18:26:31","guid":{"rendered":"http:\/\/vgrade.eu\/?page_id=318"},"modified":"2022-05-29T12:09:17","modified_gmt":"2022-05-29T12:09:17","slug":"sinn-und-zweck","status":"publish","type":"page","link":"https:\/\/vgrade.eu\/es\/sinn-und-zweck\/","title":{"rendered":"objetivo"},"content":{"rendered":"<div data-elementor-type=\"wp-page\" data-elementor-id=\"318\" class=\"elementor elementor-318\">\n\t\t\t\t\t\t<section class=\"elementor-section elementor-top-section elementor-element elementor-element-a935d01 elementor-section-boxed elementor-section-height-default elementor-section-height-default\" data-id=\"a935d01\" data-element_type=\"section\" data-e-type=\"section\">\n\t\t\t\t\t\t<div class=\"elementor-container elementor-column-gap-default\">\n\t\t\t\t\t<div class=\"elementor-column elementor-col-100 elementor-top-column elementor-element elementor-element-15b3dd5\" data-id=\"15b3dd5\" data-element_type=\"column\" data-e-type=\"column\">\n\t\t\t<div class=\"elementor-widget-wrap elementor-element-populated\">\n\t\t\t\t\t\t<div class=\"elementor-element elementor-element-9727404 elementor-widget elementor-widget-heading\" data-id=\"9727404\" data-element_type=\"widget\" data-e-type=\"widget\" data-widget_type=\"heading.default\">\n\t\t\t\t<div class=\"elementor-widget-container\">\n\t\t\t\t\t<h2 class=\"elementor-heading-title elementor-size-default\">\u00bfQu\u00e9 estoy buscando con este blog? <\/h2>\t\t\t\t<\/div>\n\t\t\t\t<\/div>\n\t\t\t\t<div class=\"elementor-element elementor-element-df6762b elementor-widget elementor-widget-text-editor\" data-id=\"df6762b\" data-element_type=\"widget\" data-e-type=\"widget\" data-widget_type=\"text-editor.default\">\n\t\t\t\t<div class=\"elementor-widget-container\">\n\t\t\t\t\t\t\t\t\t<p>Tres pies al gato no, desde luego. Procurar simplificar las cosas, quitarle la importancia a las vanidades es para mi unas de las claves para llevar una vida satisfactoria. Es el nexo que une mi vida privada con la base de mi trabajo como profesora de idiomas y Coach.<\/p><p>Acercarse a los dem\u00e1s con la mayor imparcialidad posible, tomarlos en serio y pensar b\u00e1sicamente en lo que puedes hacer por ellos en lugar de en el beneficio que puedes obtener de ellos. - Creo que es la receta para encontrarse en paz consigo mismo y arrastrar menos lastre emocional tanto en contextos profesionales como privados.<\/p><p>En mi trabajo diario no me cuesta nada ponerlo en pr\u00e1ctica. Sin embargo, se vuelve dif\u00edcil cuando se trata de adquirir nuevos clientes. Hoy en d\u00eda, si se quiere trabajar desde cualquier lugar, parece indispensable engatusar a los dem\u00e1s como sea en <a href=\"https:\/\/vgrade.eu\/es\/grundsatzueberlegung\/\">la red<\/a>. Soy extremadamente reacia a seguir una din\u00e1mica as\u00ed. No obstante, me gustar\u00eda probar si es posible activar el boca a boca para llegar a personas interesadas en una <a href=\"https:\/\/vgrade.eu\/es\/coaching-und-monetisierung\/\">colaboraci\u00f3n<\/a> .<\/p><p>\u00a0<\/p>\t\t\t\t\t\t\t\t<\/div>\n\t\t\t\t<\/div>\n\t\t\t\t<div class=\"elementor-element elementor-element-ed4caf4 elementor-widget elementor-widget-text-editor\" data-id=\"ed4caf4\" data-element_type=\"widget\" data-e-type=\"widget\" data-widget_type=\"text-editor.default\">\n\t\t\t\t<div class=\"elementor-widget-container\">\n\t\t\t\t\t\t\t\t\t<p>Me gustar\u00eda dirigirme aqu\u00ed sobre todo a aquellas personas que est\u00e1n, como yo,  tan asombradas por el <a href=\"https:\/\/vgrade.eu\/es\/grundsatzueberlegung\/\">desarrollo del marketing online.<\/a> Y a los que sienten lo mismo que yo cuando les mandan tropecientos boletines: La verdad es que no me apetece nada, porque por miedo a no crear suficiente contenido hay que enviarlo a intervalos regulares, independientemente de si hay algo interesante que decir o no. No lo quiero. No lo leo. Lo borro. Por supuesto, puedes darte de baja inmediatamente, pero como yo de costumbre no encuentro el enlace para darme de baja ipso facto, simplemente lo borro hasta que el siguiente art\u00edculo ataque mi buz\u00f3n de correo electr\u00f3nico a intervalos semanales o incluso diarios.<\/p>\t\t\t\t\t\t\t\t<\/div>\n\t\t\t\t<\/div>\n\t\t\t\t<section class=\"elementor-section elementor-inner-section elementor-element elementor-element-4b78f6c elementor-section-boxed elementor-section-height-default elementor-section-height-default\" data-id=\"4b78f6c\" data-element_type=\"section\" data-e-type=\"section\">\n\t\t\t\t\t\t<div class=\"elementor-container elementor-column-gap-default\">\n\t\t\t\t\t<div class=\"elementor-column elementor-col-50 elementor-inner-column elementor-element elementor-element-5e3ebeb\" data-id=\"5e3ebeb\" data-element_type=\"column\" data-e-type=\"column\">\n\t\t\t<div class=\"elementor-widget-wrap elementor-element-populated\">\n\t\t\t\t\t\t<div class=\"elementor-element elementor-element-0950c7f premium-title-color elementor-widget elementor-widget-premium-addon-title\" data-id=\"0950c7f\" data-element_type=\"widget\" data-e-type=\"widget\" data-widget_type=\"premium-addon-title.default\">\n\t\t\t\t<div class=\"elementor-widget-container\">\n\t\t\t\t\t\n\t\t<div class=\"premium-title-wrapper\">\n\t\t\t<div class=\"premium-title-container style1\">\n\t\t\t\t<h2 class=\"premium-title-header premium-title-style1\">\n\t\t\t\t\t\n\t\t\t\t\t\n\t\t\t\t\t\t\t\t\t\t\t\t\t\t\t<span class=\"premium-title-text\">\n\t\t\t\t\t\t<span class=\"elementor-inline-editing premium-title-text pen\" data-elementor-setting-key=\"premium_title_text\" data-elementor-inline-editing-toolbar=\"none\" data-pen-placeholder=\"Eingabe hier...\"><h2 class=\"premium-title-header premium-title-style1\"><span class=\"elementor-inline-editing premium-title-text pen\" data-elementor-setting-key=\"premium_title_text\" data-elementor-inline-editing-toolbar=\"none\" data-pen-placeholder=\"Eingabe hier...\">\u00bfQu\u00e9 puedo ofrecer yo? <\/span><\/h2><\/span>\t\t\t\t\t<\/span>\n\t\t\t\t\t\t\n\t\t\t\t\t\t\t\t\t\t\n\t\t\t\t\t\t\t\t\t<\/h2>\n\n\t\t\t<\/div>\n\n\t\t\t\t\t<\/div>\n\n\t\t\t\t\t\t<\/div>\n\t\t\t\t<\/div>\n\t\t\t\t\t<\/div>\n\t\t<\/div>\n\t\t\t\t<div class=\"elementor-column elementor-col-50 elementor-inner-column elementor-element elementor-element-8921772\" data-id=\"8921772\" data-element_type=\"column\" data-e-type=\"column\">\n\t\t\t<div class=\"elementor-widget-wrap elementor-element-populated\">\n\t\t\t\t\t\t<div class=\"elementor-element elementor-element-a3f69c1 elementor-widget elementor-widget-image\" data-id=\"a3f69c1\" data-element_type=\"widget\" data-e-type=\"widget\" data-widget_type=\"image.default\">\n\t\t\t\t<div class=\"elementor-widget-container\">\n\t\t\t\t\t\t\t\t\t\t\t\t\t\t\t<img fetchpriority=\"high\" decoding=\"async\" width=\"300\" height=\"225\" src=\"https:\/\/vgrade.eu\/wp-content\/uploads\/2022\/04\/IMG_3171-1-300x225.jpg\" class=\"attachment-medium size-medium wp-image-542\" alt=\"\" srcset=\"https:\/\/vgrade.eu\/wp-content\/uploads\/2022\/04\/IMG_3171-1-300x225.jpg 300w, https:\/\/vgrade.eu\/wp-content\/uploads\/2022\/04\/IMG_3171-1-1024x768.jpg 1024w, https:\/\/vgrade.eu\/wp-content\/uploads\/2022\/04\/IMG_3171-1-768x576.jpg 768w, https:\/\/vgrade.eu\/wp-content\/uploads\/2022\/04\/IMG_3171-1-1536x1152.jpg 1536w, https:\/\/vgrade.eu\/wp-content\/uploads\/2022\/04\/IMG_3171-1-2048x1536.jpg 2048w\" sizes=\"(max-width: 300px) 100vw, 300px\" \/>\t\t\t\t\t\t\t\t\t\t\t\t\t\t\t<\/div>\n\t\t\t\t<\/div>\n\t\t\t\t\t<\/div>\n\t\t<\/div>\n\t\t\t\t\t<\/div>\n\t\t<\/section>\n\t\t\t\t<div class=\"elementor-element elementor-element-9724150 elementor-widget elementor-widget-accordion\" data-id=\"9724150\" data-element_type=\"widget\" data-e-type=\"widget\" data-widget_type=\"accordion.default\">\n\t\t\t\t<div class=\"elementor-widget-container\">\n\t\t\t\t\t\t\t<div class=\"elementor-accordion\">\n\t\t\t\t\t\t\t<div class=\"elementor-accordion-item\">\n\t\t\t\t\t<div id=\"elementor-tab-title-1581\" class=\"elementor-tab-title\" data-tab=\"1\" role=\"button\" aria-controls=\"elementor-tab-content-1581\" aria-expanded=\"false\">\n\t\t\t\t\t\t\t\t\t\t\t\t\t<span class=\"elementor-accordion-icon elementor-accordion-icon-left\" aria-hidden=\"true\">\n\t\t\t\t\t\t\t\t\t\t\t\t\t\t\t<span class=\"elementor-accordion-icon-closed\"><i class=\"fas fa-plus\"><\/i><\/span>\n\t\t\t\t\t\t\t\t<span class=\"elementor-accordion-icon-opened\"><i class=\"fas fa-minus\"><\/i><\/span>\n\t\t\t\t\t\t\t\t\t\t\t\t\t\t<\/span>\n\t\t\t\t\t\t\t\t\t\t\t\t<a class=\"elementor-accordion-title\" tabindex=\"0\">Mi pericia<\/a>\n\t\t\t\t\t<\/div>\n\t\t\t\t\t<div id=\"elementor-tab-content-1581\" class=\"elementor-tab-content elementor-clearfix\" data-tab=\"1\" role=\"region\" aria-labelledby=\"elementor-tab-title-1581\"><ul><li>Una s\u00f3lida formaci\u00f3n y muchos a\u00f1os de experiencia profesional como profesora de lenguas extranjeras<\/li><li>Formaci\u00f3n certificada por el QRC como coach personal y empresarial \/ consultor psicol\u00f3gico<\/li><\/ul><\/div>\n\t\t\t\t<\/div>\n\t\t\t\t\t\t\t<div class=\"elementor-accordion-item\">\n\t\t\t\t\t<div id=\"elementor-tab-title-1582\" class=\"elementor-tab-title\" data-tab=\"2\" role=\"button\" aria-controls=\"elementor-tab-content-1582\" aria-expanded=\"false\">\n\t\t\t\t\t\t\t\t\t\t\t\t\t<span class=\"elementor-accordion-icon elementor-accordion-icon-left\" aria-hidden=\"true\">\n\t\t\t\t\t\t\t\t\t\t\t\t\t\t\t<span class=\"elementor-accordion-icon-closed\"><i class=\"fas fa-plus\"><\/i><\/span>\n\t\t\t\t\t\t\t\t<span class=\"elementor-accordion-icon-opened\"><i class=\"fas fa-minus\"><\/i><\/span>\n\t\t\t\t\t\t\t\t\t\t\t\t\t\t<\/span>\n\t\t\t\t\t\t\t\t\t\t\t\t<a class=\"elementor-accordion-title\" tabindex=\"0\">Mis puntos fuertes<\/a>\n\t\t\t\t\t<\/div>\n\t\t\t\t\t<div id=\"elementor-tab-content-1582\" class=\"elementor-tab-content elementor-clearfix\" data-tab=\"2\" role=\"region\" aria-labelledby=\"elementor-tab-title-1582\"><ul><li>competencia intercultural<\/li><li>curiosa y abierta<\/li><li>emp\u00e1tica<\/li><li>optimista<\/li><li>cercana<\/li><li>fiable<\/li><li>flexible<\/li><\/ul><\/div>\n\t\t\t\t<\/div>\n\t\t\t\t\t\t\t\t<\/div>\n\t\t\t\t\t\t<\/div>\n\t\t\t\t<\/div>\n\t\t\t\t\t<\/div>\n\t\t<\/div>\n\t\t\t\t\t<\/div>\n\t\t<\/section>\n\t\t\t\t<section class=\"elementor-section elementor-top-section elementor-element elementor-element-8c49ca2 elementor-section-boxed elementor-section-height-default elementor-section-height-default\" data-id=\"8c49ca2\" data-element_type=\"section\" data-e-type=\"section\">\n\t\t\t\t\t\t<div class=\"elementor-container elementor-column-gap-default\">\n\t\t\t\t\t<div class=\"elementor-column elementor-col-100 elementor-top-column elementor-element elementor-element-9259738\" data-id=\"9259738\" data-element_type=\"column\" data-e-type=\"column\">\n\t\t\t<div class=\"elementor-widget-wrap elementor-element-populated\">\n\t\t\t\t\t\t<div class=\"elementor-element elementor-element-8155800 elementor-widget elementor-widget-text-editor\" data-id=\"8155800\" data-element_type=\"widget\" data-e-type=\"widget\" data-widget_type=\"text-editor.default\">\n\t\t\t\t<div class=\"elementor-widget-container\">\n\t\t\t\t\t\t\t\t\t<p>Me encantar\u00eda abrirme nuevas \u00e1reas de trabajo de la siguiente manera: Ofrecer <a href=\"https:\/\/vgrade.eu\/es\/coaching-und-monetisierung\/\">un servicio personalizado<\/a> con el que le ayudar\u00eda a quien quiera cambiar ciertos factores de su vida profesional o privada, simplemente mediante un cambio de perspectiva o de comunicaci\u00f3n.<\/p><p>Adem\u00e1s me gustar\u00eda proporcionar materia de reflexi\u00f3n que atraiga a alguno que otro. De ah\u00ed las diferentes categor\u00edas de mi blog reflejan simplemente las ideas que me est\u00e1n zumbando en la cabeza. Se pueden leer y seguir por separado, pero est\u00e1n unidas por lo interpersonal y lo comunicativo.\u00a0\u00a0<\/p><p>Hagas lo que hagas, contratarme o simplemente leer lo que aparece cada semana, hazlo siempre sin buscarle tres pies al gato.<\/p>\t\t\t\t\t\t\t\t<\/div>\n\t\t\t\t<\/div>\n\t\t\t\t\t<\/div>\n\t\t<\/div>\n\t\t\t\t\t<\/div>\n\t\t<\/section>\n\t\t\t\t<section class=\"elementor-section elementor-top-section elementor-element elementor-element-cd53a26 elementor-section-boxed elementor-section-height-default elementor-section-height-default\" data-id=\"cd53a26\" data-element_type=\"section\" data-e-type=\"section\">\n\t\t\t\t\t\t<div class=\"elementor-container elementor-column-gap-default\">\n\t\t\t\t\t<div class=\"elementor-column elementor-col-100 elementor-top-column elementor-element elementor-element-d479b0b\" data-id=\"d479b0b\" data-element_type=\"column\" data-e-type=\"column\">\n\t\t\t<div class=\"elementor-widget-wrap elementor-element-populated\">\n\t\t\t\t\t\t<div class=\"elementor-element elementor-element-1c395be eael-contact-form-7-button-align-left eael-contact-form-7-button-custom elementor-widget elementor-widget-eael-contact-form-7\" data-id=\"1c395be\" data-element_type=\"widget\" data-e-type=\"widget\" data-widget_type=\"eael-contact-form-7.default\">\n\t\t\t\t<div class=\"elementor-widget-container\">\n\t\t\t\t\t<div class=\"eael-contact-form-7-wrapper\">\n                <div class=\"eael-contact-form eael-contact-form-7 eael-contact-form-1c395be placeholder-show eael-contact-form-align-default\">\n<div class=\"wpcf7 no-js\" id=\"wpcf7-f1153-o1\" lang=\"de-DE\" dir=\"ltr\" data-wpcf7-id=\"1153\">\n<div class=\"screen-reader-response\"><p role=\"status\" aria-live=\"polite\" aria-atomic=\"true\"><\/p> <ul><\/ul><\/div>\n<form action=\"\/es\/wp-json\/wp\/v2\/pages\/318#wpcf7-f1153-o1\" method=\"post\" class=\"wpcf7-form init\" aria-label=\"Kontaktformular\" novalidate=\"novalidate\" data-status=\"init\" data-trp-original-action=\"\/es\/wp-json\/wp\/v2\/pages\/318#wpcf7-f1153-o1\">\n<fieldset class=\"hidden-fields-container\"><input type=\"hidden\" name=\"_wpcf7\" value=\"1153\" \/><input type=\"hidden\" name=\"_wpcf7_version\" value=\"6.1.5\" \/><input type=\"hidden\" name=\"_wpcf7_locale\" value=\"de_DE\" \/><input type=\"hidden\" name=\"_wpcf7_unit_tag\" value=\"wpcf7-f1153-o1\" \/><input type=\"hidden\" name=\"_wpcf7_container_post\" value=\"0\" \/><input type=\"hidden\" name=\"_wpcf7_posted_data_hash\" value=\"\" \/>\n<\/fieldset>\n<p><label> Tu nombre<br \/>\n<span class=\"wpcf7-form-control-wrap\" data-name=\"your-name\"><input size=\"40\" maxlength=\"400\" class=\"wpcf7-form-control wpcf7-text wpcf7-validates-as-required\" aria-required=\"true\" aria-invalid=\"false\" value=\"\" type=\"text\" name=\"your-name\" \/><\/span> <\/label>\n<\/p>\n<p><label> Tu direcci\u00f3n de correo electr\u00f3nico<br \/>\n<span class=\"wpcf7-form-control-wrap\" data-name=\"your-email\"><input size=\"40\" maxlength=\"400\" class=\"wpcf7-form-control wpcf7-email wpcf7-validates-as-required wpcf7-text wpcf7-validates-as-email\" aria-required=\"true\" aria-invalid=\"false\" value=\"\" type=\"email\" name=\"your-email\" \/><\/span> <\/label>\n<\/p>\n<p><label> Asunto<br \/>\n<span class=\"wpcf7-form-control-wrap\" data-name=\"your-subject\"><input size=\"40\" maxlength=\"400\" class=\"wpcf7-form-control wpcf7-text wpcf7-validates-as-required\" aria-required=\"true\" aria-invalid=\"false\" value=\"\" type=\"text\" name=\"your-subject\" \/><\/span> <\/label>\n<\/p>\n<p><label> Tu mensaje<br \/>\n<span class=\"wpcf7-form-control-wrap\" data-name=\"your-message\"><textarea cols=\"40\" rows=\"10\" maxlength=\"2000\" class=\"wpcf7-form-control wpcf7-textarea\" aria-invalid=\"false\" name=\"your-message\"><\/textarea><\/span> <\/label>\n<\/p>\n<p><input class=\"wpcf7-form-control wpcf7-submit has-spinner\" type=\"submit\" value=\"Enviar\" \/>\n<\/p><div class=\"wpcf7-response-output\" aria-hidden=\"true\"><\/div>\n<input type=\"hidden\" name=\"trp-form-language\" value=\"es\"\/><\/form>\n<\/div>\n<\/div>\n            <\/div>\t\t\t\t<\/div>\n\t\t\t\t<\/div>\n\t\t\t\t\t<\/div>\n\t\t<\/div>\n\t\t\t\t\t<\/div>\n\t\t<\/section>\n\t\t\t\t<\/div>","protected":false},"excerpt":{"rendered":"<p>Was will ich mit diesem Blog erreichen? Einfach mal f\u00fcnf grade sein lassen. Darin liegt f\u00fcr mich der Schl\u00fcssel, der so ziemlich alles im Leben sehr viel einfacher und unkomplizierter macht. Es ist f\u00fcr mich der Verbindungspunkt zwischen meinem Privatleben und der Arbeitsgrundlage, von der ich als Fremdsprachenlehrerin und Coach ausgehe. M\u00f6glichst unvoreingenommen auf andere &#8230; <a title=\"objetivo\" class=\"read-more\" href=\"https:\/\/vgrade.eu\/es\/sinn-und-zweck\/\" aria-label=\"Leer m\u00e1s sobre Sinn und Zweck\">Leer m\u00e1s<\/a><\/p>","protected":false},"author":1,"featured_media":0,"parent":0,"menu_order":0,"comment_status":"closed","ping_status":"closed","template":"","meta":{"footnotes":""},"class_list":["post-318","page","type-page","status-publish"],"_links":{"self":[{"href":"https:\/\/vgrade.eu\/es\/wp-json\/wp\/v2\/pages\/318","targetHints":{"allow":["GET"]}}],"collection":[{"href":"https:\/\/vgrade.eu\/es\/wp-json\/wp\/v2\/pages"}],"about":[{"href":"https:\/\/vgrade.eu\/es\/wp-json\/wp\/v2\/types\/page"}],"author":[{"embeddable":true,"href":"https:\/\/vgrade.eu\/es\/wp-json\/wp\/v2\/users\/1"}],"replies":[{"embeddable":true,"href":"https:\/\/vgrade.eu\/es\/wp-json\/wp\/v2\/comments?post=318"}],"version-history":[{"count":63,"href":"https:\/\/vgrade.eu\/es\/wp-json\/wp\/v2\/pages\/318\/revisions"}],"predecessor-version":[{"id":1183,"href":"https:\/\/vgrade.eu\/es\/wp-json\/wp\/v2\/pages\/318\/revisions\/1183"}],"wp:attachment":[{"href":"https:\/\/vgrade.eu\/es\/wp-json\/wp\/v2\/media?parent=318"}],"curies":[{"name":"wp","href":"https:\/\/api.w.org\/{rel}","templated":true}]}}