{"id":275,"date":"2021-12-08T12:32:51","date_gmt":"2021-12-08T12:32:51","guid":{"rendered":"http:\/\/vgrade.eu\/?page_id=275"},"modified":"2022-10-02T20:34:28","modified_gmt":"2022-10-02T20:34:28","slug":"home","status":"publish","type":"page","link":"https:\/\/vgrade.eu\/es\/","title":{"rendered":"Home"},"content":{"rendered":"<div data-elementor-type=\"wp-page\" data-elementor-id=\"275\" class=\"elementor elementor-275\">\n\t\t\t\t\t\t<section class=\"elementor-section elementor-top-section elementor-element elementor-element-68c857c2 elementor-section-full_width elementor-section-height-min-height elementor-section-items-stretch elementor-section-height-default\" data-id=\"68c857c2\" data-element_type=\"section\" data-e-type=\"section\">\n\t\t\t\t\t\t<div class=\"elementor-container elementor-column-gap-default\">\n\t\t\t\t\t<div class=\"elementor-column elementor-col-50 elementor-top-column elementor-element elementor-element-7caafb76\" data-id=\"7caafb76\" data-element_type=\"column\" data-e-type=\"column\">\n\t\t\t<div class=\"elementor-widget-wrap elementor-element-populated\">\n\t\t\t\t\t\t<div class=\"elementor-element elementor-element-243994e2 elementor-widget elementor-widget-heading\" data-id=\"243994e2\" data-element_type=\"widget\" data-e-type=\"widget\" data-widget_type=\"heading.default\">\n\t\t\t\t<div class=\"elementor-widget-container\">\n\t\t\t\t\t<h1 class=\"elementor-heading-title elementor-size-default\">el experimento\n<\/h1>\t\t\t\t<\/div>\n\t\t\t\t<\/div>\n\t\t\t\t\t<\/div>\n\t\t<\/div>\n\t\t\t\t<div class=\"elementor-column elementor-col-50 elementor-top-column elementor-element elementor-element-2b6827e0\" data-id=\"2b6827e0\" data-element_type=\"column\" data-e-type=\"column\">\n\t\t\t<div class=\"elementor-widget-wrap elementor-element-populated\">\n\t\t\t\t\t\t<div class=\"elementor-element elementor-element-4a678c49 elementor-widget__width-initial elementor-widget elementor-widget-text-editor\" data-id=\"4a678c49\" data-element_type=\"widget\" data-e-type=\"widget\" data-widget_type=\"text-editor.default\">\n\t\t\t\t<div class=\"elementor-widget-container\">\n\t\t\t\t\t\t\t\t\t<p>\u00bfEs posible ofrecer un servicio sin seguir las estrategias de marketing habituales?<\/p>\t\t\t\t\t\t\t\t<\/div>\n\t\t\t\t<\/div>\n\t\t\t\t\t<\/div>\n\t\t<\/div>\n\t\t\t\t\t<\/div>\n\t\t<\/section>\n\t\t\t\t<section class=\"elementor-section elementor-top-section elementor-element elementor-element-12c55a6c elementor-section-full_width elementor-section-height-min-height elementor-section-items-stretch elementor-section-height-default\" data-id=\"12c55a6c\" data-element_type=\"section\" data-e-type=\"section\">\n\t\t\t\t\t\t<div class=\"elementor-container elementor-column-gap-default\">\n\t\t\t\t\t<div class=\"elementor-column elementor-col-100 elementor-top-column elementor-element elementor-element-57f5fe50\" data-id=\"57f5fe50\" data-element_type=\"column\" data-e-type=\"column\">\n\t\t\t<div class=\"elementor-widget-wrap elementor-element-populated\">\n\t\t\t\t\t\t<div class=\"elementor-element elementor-element-3f435aa4 elementor-arrows-position-inside elementor-widget elementor-widget-image-carousel\" data-id=\"3f435aa4\" data-element_type=\"widget\" data-e-type=\"widget\" data-settings=\"{&quot;slides_to_show&quot;:&quot;3&quot;,&quot;slides_to_scroll&quot;:&quot;1&quot;,&quot;navigation&quot;:&quot;arrows&quot;,&quot;slides_to_show_mobile&quot;:&quot;1&quot;,&quot;autoplay&quot;:&quot;yes&quot;,&quot;pause_on_hover&quot;:&quot;yes&quot;,&quot;pause_on_interaction&quot;:&quot;yes&quot;,&quot;autoplay_speed&quot;:5000,&quot;infinite&quot;:&quot;yes&quot;,&quot;speed&quot;:500,&quot;image_spacing_custom&quot;:{&quot;unit&quot;:&quot;px&quot;,&quot;size&quot;:20,&quot;sizes&quot;:[]},&quot;image_spacing_custom_tablet&quot;:{&quot;unit&quot;:&quot;px&quot;,&quot;size&quot;:&quot;&quot;,&quot;sizes&quot;:[]}}\" data-widget_type=\"image-carousel.default\">\n\t\t\t\t<div class=\"elementor-widget-container\">\n\t\t\t\t\t\t\t<div class=\"elementor-image-carousel-wrapper swiper\" role=\"region\" aria-roledescription=\"carousel\" aria-label=\"Bild Karussell\" dir=\"ltr\">\n\t\t\t<div class=\"elementor-image-carousel swiper-wrapper\" aria-live=\"off\">\n\t\t\t\t\t\t\t\t<div class=\"swiper-slide\" role=\"group\" aria-roledescription=\"slide\" aria-label=\"1 von 5\"><a data-elementor-open-lightbox=\"yes\" data-elementor-lightbox-slideshow=\"3f435aa4\" data-elementor-lightbox-title=\"IMG_1497\" data-e-action-hash=\"#elementor-action%3Aaction%3Dlightbox%26settings%3DeyJpZCI6MzY2LCJ1cmwiOiJodHRwczpcL1wvdmdyYWRlLmV1XC93cC1jb250ZW50XC91cGxvYWRzXC8yMDIyXC8wMlwvSU1HXzE0OTctc2NhbGVkLmpwZyIsInNsaWRlc2hvdyI6IjNmNDM1YWE0In0%3D\" href=\"http:\/\/vgrade.eu\/es\/Distanzierung\/,http:\/\/vgrade.eu\/der-blog-name\/,https:\/\/vgrade.eu\/grundsatzueberlegung\/,https:\/\/vgrade.eu\/coaching-und-monetisierung\/,https:\/\/vgrade.eu\/fotos\/\"><figure class=\"swiper-slide-inner\"><img decoding=\"async\" class=\"swiper-slide-image\" src=\"https:\/\/vgrade.eu\/wp-content\/uploads\/elementor\/thumbs\/IMG_1497-scaled-pky5w18s1htse2dtkxn8hoq9uqi5i25cjnr5x3tdds.jpg\" alt=\"Distanzierung\" \/><figcaption class=\"elementor-image-carousel-caption\">desvinculaci\u00f3n<\/figcaption><\/figure><\/a><\/div><div class=\"swiper-slide\" role=\"group\" aria-roledescription=\"slide\" aria-label=\"2 von 5\"><a data-elementor-open-lightbox=\"yes\" data-elementor-lightbox-slideshow=\"3f435aa4\" data-elementor-lightbox-title=\"Blog Name\" data-e-action-hash=\"#elementor-action%3Aaction%3Dlightbox%26settings%3DeyJpZCI6NzA0LCJ1cmwiOiJodHRwczpcL1wvdmdyYWRlLmV1XC93cC1jb250ZW50XC91cGxvYWRzXC8yMDIyXC8wNFwvQmxvZy1OYW1lLXNjYWxlZC5qcGciLCJzbGlkZXNob3ciOiIzZjQzNWFhNCJ9\" href=\"http:\/\/vgrade.eu\/es\/Distanzierung\/,http:\/\/vgrade.eu\/der-blog-name\/,https:\/\/vgrade.eu\/grundsatzueberlegung\/,https:\/\/vgrade.eu\/coaching-und-monetisierung\/,https:\/\/vgrade.eu\/fotos\/\"><figure class=\"swiper-slide-inner\"><img decoding=\"async\" class=\"swiper-slide-image\" src=\"https:\/\/vgrade.eu\/wp-content\/uploads\/elementor\/thumbs\/Blog-Name-scaled-pnqw9brxk1ytfc93el1k90zw61noz3sgqnxplp2tq8.jpg\" alt=\"Blog Name\" \/><figcaption class=\"elementor-image-carousel-caption\">el nombre del blog<\/figcaption><\/figure><\/a><\/div><div class=\"swiper-slide\" role=\"group\" aria-roledescription=\"slide\" aria-label=\"3 von 5\"><a data-elementor-open-lightbox=\"yes\" data-elementor-lightbox-slideshow=\"3f435aa4\" data-elementor-lightbox-title=\"IMG_1554 2\" data-e-action-hash=\"#elementor-action%3Aaction%3Dlightbox%26settings%3DeyJpZCI6NTQxLCJ1cmwiOiJodHRwczpcL1wvdmdyYWRlLmV1XC93cC1jb250ZW50XC91cGxvYWRzXC8yMDIyXC8wNFwvSU1HXzE1NTQtMi1zY2FsZWQuanBnIiwic2xpZGVzaG93IjoiM2Y0MzVhYTQifQ%3D%3D\" href=\"http:\/\/vgrade.eu\/es\/Distanzierung\/,http:\/\/vgrade.eu\/der-blog-name\/,https:\/\/vgrade.eu\/grundsatzueberlegung\/,https:\/\/vgrade.eu\/coaching-und-monetisierung\/,https:\/\/vgrade.eu\/fotos\/\"><figure class=\"swiper-slide-inner\"><img decoding=\"async\" class=\"swiper-slide-image\" src=\"https:\/\/vgrade.eu\/wp-content\/uploads\/elementor\/thumbs\/IMG_1554-2-scaled-pnejb11erm4h9vq30l4qx6tjixt7gk993g6tmzkhds.jpg\" alt=\"Grundsatz\u00fcberlegung\" \/><figcaption class=\"elementor-image-carousel-caption\">consideraciones b\u00e1sicas<\/figcaption><\/figure><\/a><\/div><div class=\"swiper-slide\" role=\"group\" aria-roledescription=\"slide\" aria-label=\"4 von 5\"><a data-elementor-open-lightbox=\"yes\" data-elementor-lightbox-slideshow=\"3f435aa4\" data-elementor-lightbox-title=\"IMG_3381\" data-e-action-hash=\"#elementor-action%3Aaction%3Dlightbox%26settings%3DeyJpZCI6NTI2LCJ1cmwiOiJodHRwczpcL1wvdmdyYWRlLmV1XC93cC1jb250ZW50XC91cGxvYWRzXC8yMDIyXC8wNFwvSU1HXzMzODEtc2NhbGVkLmpwZyIsInNsaWRlc2hvdyI6IjNmNDM1YWE0In0%3D\" href=\"http:\/\/vgrade.eu\/es\/Distanzierung\/,http:\/\/vgrade.eu\/der-blog-name\/,https:\/\/vgrade.eu\/grundsatzueberlegung\/,https:\/\/vgrade.eu\/coaching-und-monetisierung\/,https:\/\/vgrade.eu\/fotos\/\"><figure class=\"swiper-slide-inner\"><img decoding=\"async\" class=\"swiper-slide-image\" src=\"https:\/\/vgrade.eu\/wp-content\/uploads\/elementor\/thumbs\/IMG_3381-scaled-pnej59b2t884023tplc7458o8s937gckmw0iku4hkw.jpg\" alt=\"Coaching und Monetarisierung\" \/><figcaption class=\"elementor-image-carousel-caption\">coaching y rentabilitazi\u00f3n<\/figcaption><\/figure><\/a><\/div><div class=\"swiper-slide\" role=\"group\" aria-roledescription=\"slide\" aria-label=\"5 von 5\"><a data-elementor-open-lightbox=\"yes\" data-elementor-lightbox-slideshow=\"3f435aa4\" data-elementor-lightbox-title=\"IMG_3524\" data-e-action-hash=\"#elementor-action%3Aaction%3Dlightbox%26settings%3DeyJpZCI6NTIyLCJ1cmwiOiJodHRwczpcL1wvdmdyYWRlLmV1XC93cC1jb250ZW50XC91cGxvYWRzXC8yMDIyXC8wNFwvSU1HXzM1MjQtc2NhbGVkLmpwZyIsInNsaWRlc2hvdyI6IjNmNDM1YWE0In0%3D\" href=\"http:\/\/vgrade.eu\/es\/Distanzierung\/,http:\/\/vgrade.eu\/der-blog-name\/,https:\/\/vgrade.eu\/grundsatzueberlegung\/,https:\/\/vgrade.eu\/coaching-und-monetisierung\/,https:\/\/vgrade.eu\/fotos\/\"><figure class=\"swiper-slide-inner\"><img decoding=\"async\" class=\"swiper-slide-image\" src=\"https:\/\/vgrade.eu\/wp-content\/uploads\/elementor\/thumbs\/IMG_3524-scaled-pnej348b8talk17s7o0sfoovj6szo9ul0aip85arr4.jpg\" alt=\"Fotos\" \/><figcaption class=\"elementor-image-carousel-caption\">las fotos<\/figcaption><\/figure><\/a><\/div>\t\t\t<\/div>\n\t\t\t\t\t\t\t\t\t\t\t\t<div class=\"elementor-swiper-button elementor-swiper-button-prev\" role=\"button\" tabindex=\"0\">\n\t\t\t\t\t\t<i aria-hidden=\"true\" class=\"eicon-chevron-left\"><\/i>\t\t\t\t\t<\/div>\n\t\t\t\t\t<div class=\"elementor-swiper-button elementor-swiper-button-next\" role=\"button\" tabindex=\"0\">\n\t\t\t\t\t\t<i aria-hidden=\"true\" class=\"eicon-chevron-right\"><\/i>\t\t\t\t\t<\/div>\n\t\t\t\t\n\t\t\t\t\t\t\t\t\t<\/div>\n\t\t\t\t\t\t<\/div>\n\t\t\t\t<\/div>\n\t\t\t\t\t<\/div>\n\t\t<\/div>\n\t\t\t\t\t<\/div>\n\t\t<\/section>\n\t\t\t\t<section class=\"elementor-section elementor-top-section elementor-element elementor-element-65a4ad7d elementor-section-boxed elementor-section-height-default elementor-section-height-default\" data-id=\"65a4ad7d\" data-element_type=\"section\" data-e-type=\"section\" id=\"services\">\n\t\t\t\t\t\t<div class=\"elementor-container elementor-column-gap-no\">\n\t\t\t\t\t<div class=\"elementor-column elementor-col-50 elementor-top-column elementor-element elementor-element-7b11ca3e\" data-id=\"7b11ca3e\" data-element_type=\"column\" data-e-type=\"column\">\n\t\t\t<div class=\"elementor-widget-wrap elementor-element-populated\">\n\t\t\t\t\t\t<div class=\"elementor-element elementor-element-f4ed0e9 elementor-widget elementor-widget-image\" data-id=\"f4ed0e9\" data-element_type=\"widget\" data-e-type=\"widget\" data-widget_type=\"image.default\">\n\t\t\t\t<div class=\"elementor-widget-container\">\n\t\t\t\t\t\t\t\t\t\t\t\t<figure class=\"wp-caption\">\n\t\t\t\t\t\t\t\t\t\t\t<a href=\"https:\/\/vgrade.eu\/es\/home\/verkehrte-welt-deutsch-spanisch\/\">\n\t\t\t\t\t\t\t<img decoding=\"async\" width=\"150\" height=\"150\" src=\"https:\/\/vgrade.eu\/wp-content\/uploads\/2022\/02\/IMG_6055-150x150.jpg\" class=\"attachment-thumbnail size-thumbnail wp-image-390\" alt=\"\" \/>\t\t\t\t\t\t\t\t<\/a>\n\t\t\t\t\t\t\t\t\t\t\t<figcaption class=\"widget-image-caption wp-caption-text\">el mundo al rev\u00e9s<\/figcaption>\n\t\t\t\t\t\t\t\t\t\t<\/figure>\n\t\t\t\t\t\t\t\t\t<\/div>\n\t\t\t\t<\/div>\n\t\t\t\t<div class=\"elementor-element elementor-element-31a216ab elementor-invisible elementor-widget elementor-widget-icon-box\" data-id=\"31a216ab\" data-element_type=\"widget\" data-e-type=\"widget\" data-settings=\"{&quot;_animation&quot;:&quot;fadeIn&quot;}\" data-widget_type=\"icon-box.default\">\n\t\t\t\t<div class=\"elementor-widget-container\">\n\t\t\t\t\t\t\t<div class=\"elementor-icon-box-wrapper\">\n\n\t\t\t\n\t\t\t\t\t\t<div class=\"elementor-icon-box-content\">\n\n\t\t\t\t\t\t\t\t\t<h3 class=\"elementor-icon-box-title\">\n\t\t\t\t\t\t<a href=\"https:\/\/vgrade.eu\/es\/home\/verkehrte-welt-deutsch-spanisch\/\" >\n\t\t\t\t\t\t\tespa\u00f1ol - alem\u00e1n \t\t\t\t\t\t<\/a>\n\t\t\t\t\t<\/h3>\n\t\t\t\t\n\t\t\t\t\n\t\t\t<\/div>\n\t\t\t\n\t\t<\/div>\n\t\t\t\t\t\t<\/div>\n\t\t\t\t<\/div>\n\t\t\t\t<div class=\"elementor-element elementor-element-8de9862 elementor-invisible elementor-widget elementor-widget-icon-box\" data-id=\"8de9862\" data-element_type=\"widget\" data-e-type=\"widget\" data-settings=\"{&quot;_animation&quot;:&quot;fadeIn&quot;}\" data-widget_type=\"icon-box.default\">\n\t\t\t\t<div class=\"elementor-widget-container\">\n\t\t\t\t\t\t\t<div class=\"elementor-icon-box-wrapper\">\n\n\t\t\t\n\t\t\t\t\t\t<div class=\"elementor-icon-box-content\">\n\n\t\t\t\t\n\t\t\t\t\t\t\t\t\t<p class=\"elementor-icon-box-description\">\n\t\t\t\t\t\tTodos los espa\u00f1oles son ruidosos, impuntuales, desenfadados y relajados. Los andaluces en especial son tremendamente divertidos. Los alemanes somos exactamente lo contrario. <br>Estoy observando estos y otros estereotipos desde una perspectiva alemana en Andaluc\u00eda.\t\t\t\t\t<\/p>\n\t\t\t\t\n\t\t\t<\/div>\n\t\t\t\n\t\t<\/div>\n\t\t\t\t\t\t<\/div>\n\t\t\t\t<\/div>\n\t\t\t\t<div class=\"elementor-element elementor-element-63a1cfa elementor-widget elementor-widget-image\" data-id=\"63a1cfa\" data-element_type=\"widget\" data-e-type=\"widget\" data-widget_type=\"image.default\">\n\t\t\t\t<div class=\"elementor-widget-container\">\n\t\t\t\t\t\t\t\t\t\t\t\t<figure class=\"wp-caption\">\n\t\t\t\t\t\t\t\t\t\t\t<a href=\"https:\/\/vgrade.eu\/es\/home\/thermomix-effekt\/\">\n\t\t\t\t\t\t\t<img decoding=\"async\" width=\"150\" height=\"150\" src=\"https:\/\/vgrade.eu\/wp-content\/uploads\/2022\/02\/IMG_6350-1-150x150.jpg\" class=\"attachment-thumbnail size-thumbnail wp-image-397\" alt=\"\" \/>\t\t\t\t\t\t\t\t<\/a>\n\t\t\t\t\t\t\t\t\t\t\t<figcaption class=\"widget-image-caption wp-caption-text\">a veces cuesta comprender las cosas<\/figcaption>\n\t\t\t\t\t\t\t\t\t\t<\/figure>\n\t\t\t\t\t\t\t\t\t<\/div>\n\t\t\t\t<\/div>\n\t\t\t\t<div class=\"elementor-element elementor-element-35c3fce1 elementor-invisible elementor-widget elementor-widget-icon-box\" data-id=\"35c3fce1\" data-element_type=\"widget\" data-e-type=\"widget\" data-settings=\"{&quot;_animation&quot;:&quot;fadeIn&quot;}\" data-widget_type=\"icon-box.default\">\n\t\t\t\t<div class=\"elementor-widget-container\">\n\t\t\t\t\t\t\t<div class=\"elementor-icon-box-wrapper\">\n\n\t\t\t\n\t\t\t\t\t\t<div class=\"elementor-icon-box-content\">\n\n\t\t\t\t\t\t\t\t\t<h3 class=\"elementor-icon-box-title\">\n\t\t\t\t\t\t<a href=\"https:\/\/vgrade.eu\/es\/home\/thermomix-effekt\/\" >\n\t\t\t\t\t\t\tEl<br> efecto Thermomix\t\t\t\t\t\t<\/a>\n\t\t\t\t\t<\/h3>\n\t\t\t\t\n\t\t\t\t\n\t\t\t<\/div>\n\t\t\t\n\t\t<\/div>\n\t\t\t\t\t\t<\/div>\n\t\t\t\t<\/div>\n\t\t\t\t<div class=\"elementor-element elementor-element-dda0df9 elementor-invisible elementor-widget elementor-widget-icon-box\" data-id=\"dda0df9\" data-element_type=\"widget\" data-e-type=\"widget\" data-settings=\"{&quot;_animation&quot;:&quot;fadeIn&quot;}\" data-widget_type=\"icon-box.default\">\n\t\t\t\t<div class=\"elementor-widget-container\">\n\t\t\t\t\t\t\t<div class=\"elementor-icon-box-wrapper\">\n\n\t\t\t\n\t\t\t\t\t\t<div class=\"elementor-icon-box-content\">\n\n\t\t\t\t\n\t\t\t\t\t\t\t\t\t<p class=\"elementor-icon-box-description\">\n\t\t\t\t\t\t...y otras cosas que a veces me hacen pensar que todos vivimos en Absurdist\u00e1n.\t\t\t\t\t<\/p>\n\t\t\t\t\n\t\t\t<\/div>\n\t\t\t\n\t\t<\/div>\n\t\t\t\t\t\t<\/div>\n\t\t\t\t<\/div>\n\t\t\t\t\t<\/div>\n\t\t<\/div>\n\t\t\t\t<div class=\"elementor-column elementor-col-50 elementor-top-column elementor-element elementor-element-18f66b7d\" data-id=\"18f66b7d\" data-element_type=\"column\" data-e-type=\"column\">\n\t\t\t<div class=\"elementor-widget-wrap elementor-element-populated\">\n\t\t\t\t\t\t<div class=\"elementor-element elementor-element-bc55351 elementor-widget elementor-widget-image\" data-id=\"bc55351\" data-element_type=\"widget\" data-e-type=\"widget\" data-widget_type=\"image.default\">\n\t\t\t\t<div class=\"elementor-widget-container\">\n\t\t\t\t\t\t\t\t\t\t\t\t<figure class=\"wp-caption\">\n\t\t\t\t\t\t\t\t\t\t\t<a href=\"https:\/\/vgrade.eu\/es\/home\/warum-einfach\/\">\n\t\t\t\t\t\t\t<img decoding=\"async\" width=\"150\" height=\"150\" src=\"https:\/\/vgrade.eu\/wp-content\/uploads\/2022\/02\/IMG_1826-150x150.jpg\" class=\"attachment-thumbnail size-thumbnail wp-image-362\" alt=\"\" \/>\t\t\t\t\t\t\t\t<\/a>\n\t\t\t\t\t\t\t\t\t\t\t<figcaption class=\"widget-image-caption wp-caption-text\">Relaciones interpersonales<\/figcaption>\n\t\t\t\t\t\t\t\t\t\t<\/figure>\n\t\t\t\t\t\t\t\t\t<\/div>\n\t\t\t\t<\/div>\n\t\t\t\t<div class=\"elementor-element elementor-element-36a162ec elementor-invisible elementor-widget elementor-widget-icon-box\" data-id=\"36a162ec\" data-element_type=\"widget\" data-e-type=\"widget\" data-settings=\"{&quot;_animation&quot;:&quot;fadeIn&quot;}\" data-widget_type=\"icon-box.default\">\n\t\t\t\t<div class=\"elementor-widget-container\">\n\t\t\t\t\t\t\t<div class=\"elementor-icon-box-wrapper\">\n\n\t\t\t\n\t\t\t\t\t\t<div class=\"elementor-icon-box-content\">\n\n\t\t\t\t\t\t\t\t\t<h3 class=\"elementor-icon-box-title\">\n\t\t\t\t\t\t<a href=\"https:\/\/vgrade.eu\/es\/home\/warum-einfach\/\" >\n\t\t\t\t\t\t\t\u00bfPor qu\u00e9 pon\u00e9rnoslo f\u00e1cil,\t\t\t\t\t\t<\/a>\n\t\t\t\t\t<\/h3>\n\t\t\t\t\n\t\t\t\t\n\t\t\t<\/div>\n\t\t\t\n\t\t<\/div>\n\t\t\t\t\t\t<\/div>\n\t\t\t\t<\/div>\n\t\t\t\t<div class=\"elementor-element elementor-element-a84f533 elementor-invisible elementor-widget elementor-widget-icon-box\" data-id=\"a84f533\" data-element_type=\"widget\" data-e-type=\"widget\" data-settings=\"{&quot;_animation&quot;:&quot;fadeIn&quot;}\" data-widget_type=\"icon-box.default\">\n\t\t\t\t<div class=\"elementor-widget-container\">\n\t\t\t\t\t\t\t<div class=\"elementor-icon-box-wrapper\">\n\n\t\t\t\n\t\t\t\t\t\t<div class=\"elementor-icon-box-content\">\n\n\t\t\t\t\n\t\t\t\t\t\t\t\t\t<p class=\"elementor-icon-box-description\">\n\t\t\t\t\t\tpudiendo complicarlo todo? Los desacuerdos, los malentendidos y las complicaciones en las interacciones con los dem\u00e1s est\u00e1n a la orden del d\u00eda para la mayor\u00eda de los contempor\u00e1neos. Se nos suele olvidar que en realidad la vida es muy corta como para llenarla de desavenencias innecesarias.\t\t\t\t\t<\/p>\n\t\t\t\t\n\t\t\t<\/div>\n\t\t\t\n\t\t<\/div>\n\t\t\t\t\t\t<\/div>\n\t\t\t\t<\/div>\n\t\t\t\t<div class=\"elementor-element elementor-element-3b74000 elementor-widget elementor-widget-image\" data-id=\"3b74000\" data-element_type=\"widget\" data-e-type=\"widget\" data-widget_type=\"image.default\">\n\t\t\t\t<div class=\"elementor-widget-container\">\n\t\t\t\t\t\t\t\t\t\t\t\t<figure class=\"wp-caption\">\n\t\t\t\t\t\t\t\t\t\t\t<a href=\"https:\/\/vgrade.eu\/es\/home\/erstaunliche-politik\/\">\n\t\t\t\t\t\t\t<img loading=\"lazy\" decoding=\"async\" width=\"150\" height=\"150\" src=\"https:\/\/vgrade.eu\/wp-content\/uploads\/2022\/02\/IMG_4405-150x150.jpg\" class=\"attachment-thumbnail size-thumbnail wp-image-373\" alt=\"\" \/>\t\t\t\t\t\t\t\t<\/a>\n\t\t\t\t\t\t\t\t\t\t\t<figcaption class=\"widget-image-caption wp-caption-text\">parece que ya nadie tiene ni idea de qu\u00e9 hacer<\/figcaption>\n\t\t\t\t\t\t\t\t\t\t<\/figure>\n\t\t\t\t\t\t\t\t\t<\/div>\n\t\t\t\t<\/div>\n\t\t\t\t<div class=\"elementor-element elementor-element-36e7ba7a elementor-invisible elementor-widget elementor-widget-icon-box\" data-id=\"36e7ba7a\" data-element_type=\"widget\" data-e-type=\"widget\" data-settings=\"{&quot;_animation&quot;:&quot;fadeIn&quot;}\" data-widget_type=\"icon-box.default\">\n\t\t\t\t<div class=\"elementor-widget-container\">\n\t\t\t\t\t\t\t<div class=\"elementor-icon-box-wrapper\">\n\n\t\t\t\n\t\t\t\t\t\t<div class=\"elementor-icon-box-content\">\n\n\t\t\t\t\t\t\t\t\t<h3 class=\"elementor-icon-box-title\">\n\t\t\t\t\t\t<a href=\"https:\/\/vgrade.eu\/es\/home\/erstaunliche-politik\/\" >\n\t\t\t\t\t\t\textra\u00f1ezas en la pol\u00edtica nacional e internacional\t\t\t\t\t\t<\/a>\n\t\t\t\t\t<\/h3>\n\t\t\t\t\n\t\t\t\t\n\t\t\t<\/div>\n\t\t\t\n\t\t<\/div>\n\t\t\t\t\t\t<\/div>\n\t\t\t\t<\/div>\n\t\t\t\t<div class=\"elementor-element elementor-element-5390627 elementor-invisible elementor-widget elementor-widget-icon-box\" data-id=\"5390627\" data-element_type=\"widget\" data-e-type=\"widget\" data-settings=\"{&quot;_animation&quot;:&quot;fadeIn&quot;}\" data-widget_type=\"icon-box.default\">\n\t\t\t\t<div class=\"elementor-widget-container\">\n\t\t\t\t\t\t\t<div class=\"elementor-icon-box-wrapper\">\n\n\t\t\t\n\t\t\t\t\t\t<div class=\"elementor-icon-box-content\">\n\n\t\t\t\t\n\t\t\t\t\t\t\t\t\t<p class=\"elementor-icon-box-description\">\n\t\t\t\t\t\tObservar desde fuera y comparar con otros pa\u00edses, a menudo pone las cosas bajo una luz diferente, lejos de los focos manejados por los medios de comunicaci\u00f3n y que ayudan a formar la opini\u00f3n p\u00fablica.\t\t\t\t\t<\/p>\n\t\t\t\t\n\t\t\t<\/div>\n\t\t\t\n\t\t<\/div>\n\t\t\t\t\t\t<\/div>\n\t\t\t\t<\/div>\n\t\t\t\t\t<\/div>\n\t\t<\/div>\n\t\t\t\t\t<\/div>\n\t\t<\/section>\n\t\t\t\t<\/div>","protected":false},"excerpt":{"rendered":"<p>Das Experiment Ist es m\u00f6glich einen Service anzubieten, ohne die g\u00e4ngigen Marketingstrategien zu befolgen? Distanzierung Blog Name Grundsatz\u00fcberlegung Coaching und Monetarisierung Fotos Zur\u00fcck Weiter Verkehrte Welt Deutsch-Spanisch Alle Spanier sind laut, unp\u00fcnktlich, locker und entspannt. Andalusier im Konkreten auch noch extrem lustig. Wir Deutsche sind genau das Gegenteil. Beobachtungen zu diesen und anderen Stereotypen aus &#8230; <a title=\"Home\" class=\"read-more\" href=\"https:\/\/vgrade.eu\/es\/\" aria-label=\"Leer m\u00e1s sobre Home\">Leer m\u00e1s<\/a><\/p>","protected":false},"author":1,"featured_media":0,"parent":0,"menu_order":0,"comment_status":"closed","ping_status":"closed","template":"","meta":{"footnotes":""},"class_list":["post-275","page","type-page","status-publish"],"_links":{"self":[{"href":"https:\/\/vgrade.eu\/es\/wp-json\/wp\/v2\/pages\/275","targetHints":{"allow":["GET"]}}],"collection":[{"href":"https:\/\/vgrade.eu\/es\/wp-json\/wp\/v2\/pages"}],"about":[{"href":"https:\/\/vgrade.eu\/es\/wp-json\/wp\/v2\/types\/page"}],"author":[{"embeddable":true,"href":"https:\/\/vgrade.eu\/es\/wp-json\/wp\/v2\/users\/1"}],"replies":[{"embeddable":true,"href":"https:\/\/vgrade.eu\/es\/wp-json\/wp\/v2\/comments?post=275"}],"version-history":[{"count":249,"href":"https:\/\/vgrade.eu\/es\/wp-json\/wp\/v2\/pages\/275\/revisions"}],"predecessor-version":[{"id":1338,"href":"https:\/\/vgrade.eu\/es\/wp-json\/wp\/v2\/pages\/275\/revisions\/1338"}],"wp:attachment":[{"href":"https:\/\/vgrade.eu\/es\/wp-json\/wp\/v2\/media?parent=275"}],"curies":[{"name":"wp","href":"https:\/\/api.w.org\/{rel}","templated":true}]}}